{"id":1505,"date":"2022-10-14T09:09:29","date_gmt":"2022-10-14T07:09:29","guid":{"rendered":"https:\/\/bwh2015.web.amu.edu.pl\/?page_id=1505"},"modified":"2024-11-08T12:36:55","modified_gmt":"2024-11-08T11:36:55","slug":"kolekcja-fantastyki","status":"publish","type":"page","link":"https:\/\/bch.amu.edu.pl\/?page_id=1505","title":{"rendered":"KOLEKCJA FANTASTYKI"},"content":{"rendered":"\n<p class=\"has-small-font-size\">HF I \u2013 Prehistoria<br>HF II \u2013 Staro\u017cytno\u015b\u0107<br>HF III \u2013 Wczesne \u015bredniowiecze<br>HF IV \u2013 \u015aredniowiecze<br>HF V \u2013 Flintlock fantasy (Renesans &amp; Barok)<br>HF VI \u2013 Najnowsza<br>HF VII \u2013 Steampunk<br>HF VIII \u2013 Science fiction<br>HF XLII \u2013 Podr\u0119czniki RPG<\/p>\n\n\n\n<p class=\"has-small-font-size\">Nasi darczy\u0144cy:<br><\/p>\n\n\n\n<p class=\"has-small-font-size\">Zysk i S-ka Wydawnictwo<br>Mateusz Frankiewicz<br>Jakub Wojtczak<br>Mateusz Napiera\u0142a<br>Pr\u00f3szy\u0144ski i sp\u00f3\u0142ka<br>Biblioteka Raczy\u0144skich<br>Lucyna Le\u015bniak<br>prof. Rafa\u0142 Koli\u0144ski<br>prof. Rafa\u0142 Dobek<br>Jan Czeski<br>Patrycja Filipowicz<br>Lucyna Le\u015bniak<br>Monika Stelmasiak-Majorek<br>Magdalena Kr\u00f3l<br>Janina i Bogdan Michalscy&nbsp;<\/p>\n","protected":false},"excerpt":{"rendered":"<p>HF I \u2013 PrehistoriaHF II \u2013 Staro\u017cytno\u015b\u0107HF III \u2013 Wczesne \u015bredniowieczeHF IV \u2013 \u015aredniowieczeHF V \u2013 Flintlock fantasy (Renesans &amp; Barok)HF VI \u2013 NajnowszaHF VII&hellip;<\/p>\n","protected":false},"author":1,"featured_media":0,"parent":0,"menu_order":0,"comment_status":"closed","ping_status":"closed","template":"","meta":{"footnotes":""},"class_list":["post-1505","page","type-page","status-publish","hentry"],"_links":{"self":[{"href":"https:\/\/bch.amu.edu.pl\/index.php?rest_route=\/wp\/v2\/pages\/1505","targetHints":{"allow":["GET"]}}],"collection":[{"href":"https:\/\/bch.amu.edu.pl\/index.php?rest_route=\/wp\/v2\/pages"}],"about":[{"href":"https:\/\/bch.amu.edu.pl\/index.php?rest_route=\/wp\/v2\/types\/page"}],"author":[{"embeddable":true,"href":"https:\/\/bch.amu.edu.pl\/index.php?rest_route=\/wp\/v2\/users\/1"}],"replies":[{"embeddable":true,"href":"https:\/\/bch.amu.edu.pl\/index.php?rest_route=%2Fwp%2Fv2%2Fcomments&post=1505"}],"version-history":[{"count":7,"href":"https:\/\/bch.amu.edu.pl\/index.php?rest_route=\/wp\/v2\/pages\/1505\/revisions"}],"predecessor-version":[{"id":2551,"href":"https:\/\/bch.amu.edu.pl\/index.php?rest_route=\/wp\/v2\/pages\/1505\/revisions\/2551"}],"wp:attachment":[{"href":"https:\/\/bch.amu.edu.pl\/index.php?rest_route=%2Fwp%2Fv2%2Fmedia&parent=1505"}],"curies":[{"name":"wp","href":"https:\/\/api.w.org\/{rel}","templated":true}]}}