{"id":1707,"date":"2022-10-20T08:57:28","date_gmt":"2022-10-20T06:57:28","guid":{"rendered":"https:\/\/bwh2015.web.amu.edu.pl\/?page_id=1707"},"modified":"2023-01-11T12:03:40","modified_gmt":"2023-01-11T11:03:40","slug":"regulamin","status":"publish","type":"page","link":"https:\/\/bch.amu.edu.pl\/?page_id=1707","title":{"rendered":"Regulamin"},"content":{"rendered":"\n<p class=\"has-vivid-cyan-blue-color has-text-color\"><strong>Kolekcja Fantastyki Collegium Historicum<br>-W bibliotece wszystko gra-<\/strong><\/p>\n\n\n\n<p class=\"has-small-font-size\">Nasza kolekcja to nie tylko ksi\u0105\u017cki, ale r\u00f3wnie\u017c gry planszowe, plansze do gier oraz sto\u0142y do karcianek. Jest og\u00f3lnodost\u0119pna, dedykowana wszystkim zainteresowanym, jeste\u015bmy z niej bardzo dumni.<br>Wszystkie elementy- pionki, plansze- zosta\u0142y wykonane dla Was przez pracownik\u00f3w biblioteki. Plansz\u00f3wki oraz literatur\u0119 pozyskali\u015bmy do naszej kolekcji dzi\u0119ki staraniom bibliotekarzy.<br>Teraz pora na Was, Czytelnicy! Od Waszej postawy i dba\u0142o\u015bci o zgromadzone tutaj materia\u0142y zale\u017cy, jak rozwija\u0107 si\u0119 b\u0119dzie projekt dotycz\u0105cy zaaran\u017cowania przestrzeni bibliotecznej s\u0142u\u017c\u0105cej regeneracji, r\u00f3wnowadze.<br>Biblioteka jest dla nas wszystkich, i ka\u017cdy powinien czu\u0107 si\u0119 w niej dobrze.<br>Chcesz pom\u00f3c uzupe\u0142ni\u0107, rozwija\u0107 kolekcj\u0119? Zg\u0142o\u015b si\u0119 do nas!<br>\u017byczymy mi\u0142ego z ni\u0105 obcowania. Pami\u0119tajmy, \u017ce nie jest ona w\u0142asno\u015bci\u0105 biblioteki, uniwerku, tylko nas wszystkich, ka\u017cdy z nas jest za ni\u0105 odpowiedzialny, a bez nas (spo\u0142eczno\u015bci uniwersyteckiej) i naszej opieki oraz uwagi nie b\u0119dzie niczego.<\/p>\n\n\n\n<p class=\"has-small-font-size\">P.S.<br>Ci\u0105gle jednak to biblioteka, zatem uszanuj innych i zachowaj cisz\u0119 \ud83d\ude09<\/p>\n\n\n\n<p class=\"has-small-font-size\">Zasady:<br>Z gier planszowych\/karcianych\/ komputerowych retro, mog\u0105 korzysta\u0107 wszyscy czytelnicy Biblioteki Collegium Historicum, posiadaj\u0105cy wa\u017cne konto biblioteczne. Gry wystawione w przestrzeni przy rega\u0142ach Kolekcji Fantastyki BCH, s\u0105 dost\u0119pne bez zamawiania, pozosta\u0142e- udost\u0119pniane na zewn\u0105trz w Wypo\u017cyczalni. Gra\u0107 mo\u017cna w obszarze biblioteki, w miejscu do tego desygnowanym (po\u0142udniowe skrzyd\u0142o przy rega\u0142ach Kolekcji Fantastyki BCH), lub w wypadku braku miejsc w Sali do Pracy G\u0142o\u015bnej. Przed rozpocz\u0119ciem gry prosimy o sprawdzenie jej kompletno\u015bci i zg\u0142oszenie ewentualnych brak\u00f3w pracownikom biblioteki. Komputery do gier retro s\u0105 i pozostan\u0105 w trybie offline.<\/p>\n\n\n\n<p><\/p>\n\n\n\n<p><\/p>\n","protected":false},"excerpt":{"rendered":"<p>Kolekcja Fantastyki Collegium Historicum-W bibliotece wszystko gra- Nasza kolekcja to nie tylko ksi\u0105\u017cki, ale r\u00f3wnie\u017c gry planszowe, plansze do gier oraz sto\u0142y do karcianek. Jest&hellip;<\/p>\n","protected":false},"author":1,"featured_media":0,"parent":0,"menu_order":0,"comment_status":"closed","ping_status":"closed","template":"","meta":{"footnotes":""},"class_list":["post-1707","page","type-page","status-publish","hentry"],"_links":{"self":[{"href":"https:\/\/bch.amu.edu.pl\/index.php?rest_route=\/wp\/v2\/pages\/1707","targetHints":{"allow":["GET"]}}],"collection":[{"href":"https:\/\/bch.amu.edu.pl\/index.php?rest_route=\/wp\/v2\/pages"}],"about":[{"href":"https:\/\/bch.amu.edu.pl\/index.php?rest_route=\/wp\/v2\/types\/page"}],"author":[{"embeddable":true,"href":"https:\/\/bch.amu.edu.pl\/index.php?rest_route=\/wp\/v2\/users\/1"}],"replies":[{"embeddable":true,"href":"https:\/\/bch.amu.edu.pl\/index.php?rest_route=%2Fwp%2Fv2%2Fcomments&post=1707"}],"version-history":[{"count":6,"href":"https:\/\/bch.amu.edu.pl\/index.php?rest_route=\/wp\/v2\/pages\/1707\/revisions"}],"predecessor-version":[{"id":1854,"href":"https:\/\/bch.amu.edu.pl\/index.php?rest_route=\/wp\/v2\/pages\/1707\/revisions\/1854"}],"wp:attachment":[{"href":"https:\/\/bch.amu.edu.pl\/index.php?rest_route=%2Fwp%2Fv2%2Fmedia&parent=1707"}],"curies":[{"name":"wp","href":"https:\/\/api.w.org\/{rel}","templated":true}]}}