{"id":2411,"date":"2024-05-07T13:06:41","date_gmt":"2024-05-07T11:06:41","guid":{"rendered":"https:\/\/bwh2015.web.amu.edu.pl\/?page_id=2411"},"modified":"2024-05-07T13:16:41","modified_gmt":"2024-05-07T11:16:41","slug":"materialy-do-pobrania","status":"publish","type":"page","link":"https:\/\/bch.amu.edu.pl\/?page_id=2411","title":{"rendered":"Materia\u0142y do pobrania"},"content":{"rendered":"\n<div class=\"wp-block-media-text alignwide is-stacked-on-mobile\" style=\"grid-template-columns:20% auto\"><figure class=\"wp-block-media-text__media\"><img loading=\"lazy\" decoding=\"async\" width=\"248\" height=\"349\" src=\"https:\/\/bwh2015.web.amu.edu.pl\/wp-content\/uploads\/2024\/05\/Plich1.jpg\" alt=\"\" class=\"wp-image-2415 size-full\" srcset=\"https:\/\/bch.amu.edu.pl\/wp-content\/uploads\/2024\/05\/Plich1.jpg 248w, https:\/\/bch.amu.edu.pl\/wp-content\/uploads\/2024\/05\/Plich1-213x300.jpg 213w\" sizes=\"auto, (max-width: 248px) 100vw, 248px\" \/><\/figure><div class=\"wp-block-media-text__content\">\n<p class=\"has-medium-font-size\"><strong>Stanis\u0142aw Plich<\/strong><br>(ur. 23 X 1913, Gol\u0119cin-Pozna\u0144 \u2013 zm. 25 X 1999, Pozna\u0144)<\/p>\n\n\n\n<p class=\"has-vivid-cyan-blue-color has-text-color\"><a href=\"https:\/\/bwh2015.web.amu.edu.pl\/wp-content\/uploads\/2024\/05\/Plich_Stanislaw.pdf\"><strong>biogram do pobrania<\/strong><\/a><\/p>\n<\/div><\/div>\n","protected":false},"excerpt":{"rendered":"<p>Stanis\u0142aw Plich(ur. 23 X 1913, Gol\u0119cin-Pozna\u0144 \u2013 zm. 25 X 1999, Pozna\u0144) biogram do pobrania<\/p>\n","protected":false},"author":1,"featured_media":0,"parent":0,"menu_order":0,"comment_status":"closed","ping_status":"closed","template":"","meta":{"footnotes":""},"class_list":["post-2411","page","type-page","status-publish","hentry"],"_links":{"self":[{"href":"https:\/\/bch.amu.edu.pl\/index.php?rest_route=\/wp\/v2\/pages\/2411","targetHints":{"allow":["GET"]}}],"collection":[{"href":"https:\/\/bch.amu.edu.pl\/index.php?rest_route=\/wp\/v2\/pages"}],"about":[{"href":"https:\/\/bch.amu.edu.pl\/index.php?rest_route=\/wp\/v2\/types\/page"}],"author":[{"embeddable":true,"href":"https:\/\/bch.amu.edu.pl\/index.php?rest_route=\/wp\/v2\/users\/1"}],"replies":[{"embeddable":true,"href":"https:\/\/bch.amu.edu.pl\/index.php?rest_route=%2Fwp%2Fv2%2Fcomments&post=2411"}],"version-history":[{"count":8,"href":"https:\/\/bch.amu.edu.pl\/index.php?rest_route=\/wp\/v2\/pages\/2411\/revisions"}],"predecessor-version":[{"id":2423,"href":"https:\/\/bch.amu.edu.pl\/index.php?rest_route=\/wp\/v2\/pages\/2411\/revisions\/2423"}],"wp:attachment":[{"href":"https:\/\/bch.amu.edu.pl\/index.php?rest_route=%2Fwp%2Fv2%2Fmedia&parent=2411"}],"curies":[{"name":"wp","href":"https:\/\/api.w.org\/{rel}","templated":true}]}}