{"id":242,"date":"2021-09-01T10:59:11","date_gmt":"2021-09-01T08:59:11","guid":{"rendered":"http:\/\/bwh2015.home.amu.edu.pl\/?page_id=242"},"modified":"2025-09-11T16:51:09","modified_gmt":"2025-09-11T14:51:09","slug":"pokoj-pracy-dla-osob-z-niepelnosprawnoscia","status":"publish","type":"page","link":"https:\/\/bch.amu.edu.pl\/?page_id=242","title":{"rendered":"Pok\u00f3j pracy dla os\u00f3b z niepe\u0142nosprawno\u015bci\u0105"},"content":{"rendered":"\n<p class=\"has-small-font-size\">Biblioteka mie\u015bci si\u0119 na parterze budynku Collegium Historicum UAM.<br>Miejsca parkingowe dla os\u00f3b niepe\u0142nosprawnych ruchowo znajduj\u0105 si\u0119 przed budynkiem Collegium Historicum UAM.<br>Toaleta przystosowana dla os\u00f3b niepe\u0142nosprawnych znajduje si\u0119 na terenie biblioteki.<br>Pok\u00f3j do pracy dla os\u00f3b niewidomych i s\u0142abo widz\u0105cych wyposa\u017cony jest w sprz\u0119t umo\u017cliwiaj\u0105cy korzystanie z ksi\u0105\u017cek, czasopism i innych publikacji na miejscu.<br><\/p>\n","protected":false},"excerpt":{"rendered":"<p>Biblioteka mie\u015bci si\u0119 na parterze budynku Collegium Historicum UAM.Miejsca parkingowe dla os\u00f3b niepe\u0142nosprawnych ruchowo znajduj\u0105 si\u0119 przed budynkiem Collegium Historicum UAM.Toaleta przystosowana dla os\u00f3b niepe\u0142nosprawnych&hellip;<\/p>\n","protected":false},"author":1,"featured_media":0,"parent":0,"menu_order":0,"comment_status":"closed","ping_status":"closed","template":"","meta":{"footnotes":""},"class_list":["post-242","page","type-page","status-publish","hentry"],"_links":{"self":[{"href":"https:\/\/bch.amu.edu.pl\/index.php?rest_route=\/wp\/v2\/pages\/242","targetHints":{"allow":["GET"]}}],"collection":[{"href":"https:\/\/bch.amu.edu.pl\/index.php?rest_route=\/wp\/v2\/pages"}],"about":[{"href":"https:\/\/bch.amu.edu.pl\/index.php?rest_route=\/wp\/v2\/types\/page"}],"author":[{"embeddable":true,"href":"https:\/\/bch.amu.edu.pl\/index.php?rest_route=\/wp\/v2\/users\/1"}],"replies":[{"embeddable":true,"href":"https:\/\/bch.amu.edu.pl\/index.php?rest_route=%2Fwp%2Fv2%2Fcomments&post=242"}],"version-history":[{"count":5,"href":"https:\/\/bch.amu.edu.pl\/index.php?rest_route=\/wp\/v2\/pages\/242\/revisions"}],"predecessor-version":[{"id":2883,"href":"https:\/\/bch.amu.edu.pl\/index.php?rest_route=\/wp\/v2\/pages\/242\/revisions\/2883"}],"wp:attachment":[{"href":"https:\/\/bch.amu.edu.pl\/index.php?rest_route=%2Fwp%2Fv2%2Fmedia&parent=242"}],"curies":[{"name":"wp","href":"https:\/\/api.w.org\/{rel}","templated":true}]}}