{"id":25,"date":"2021-08-11T16:19:09","date_gmt":"2021-08-11T14:19:09","guid":{"rendered":"http:\/\/bwh2015.home.amu.edu.pl\/?page_id=25"},"modified":"2021-09-13T13:25:23","modified_gmt":"2021-09-13T11:25:23","slug":"rodo","status":"publish","type":"page","link":"https:\/\/bch.amu.edu.pl\/?page_id=25","title":{"rendered":"Rodo"},"content":{"rendered":"\n<p class=\"has-small-font-size\">KLAUZULA INFORMACYJNA DLA U\u017bYTKOWNIK\u00d3W BIBLIOTEK UAM w POZNANIU<\/p>\n\n\n\n<p class=\"has-small-font-size\">Zgodnie z art. 13 og\u00f3lnego rozporz\u0105dzenia o ochronie danych osobowych z dnia 27 kwietnia 2016 r. (Dz.U. UE L 119 z 04.05.2016) informujemy, i\u017c:<br>Administratorem Pani\/Pana danych osobowych jest Uniwersytet im. Adama Mickiewicza w Poznaniu, ul. Wieniawskiego 1, 61-712 Pozna\u0144.<br>Administrator powo\u0142a\u0142 Inspektora Ochrony Danych, z kt\u00f3rym mo\u017cna si\u0119 skontaktowa\u0107 pod adresem: iod@amu.edu.pl.<br>Pani\/Pana dane osobowe przetwarzane b\u0119d\u0105 w celu umo\u017cliwienia korzystania ze zbior\u00f3w biblioteki z wykorzystaniem wsp\u00f3lnego systemu informatycznego dzia\u0142aj\u0105cego w ramach Pozna\u0144skiej Fundacji Bibliotek Naukowych oraz wykonania przez administratora obowi\u0105zk\u00f3w wynikaj\u0105cych z ustawy z dnia 27 czerwca 1997 r. o bibliotekach (Dz. U. z 2018 r. poz. 574 t.j.) i ustawy z dnia 20 lipca 2018 roku \u2013 Prawo o szkolnictwie wy\u017cszym i nauce (Dz. U. 2018, poz. 1668 z p\u00f3\u017an. zm.).<br>Podstaw\u0119 przetwarzania Pani\/Pana danych osobowych stanowi art. 6 ust. 1 lit. b) i c) og\u00f3lnego rozporz\u0105dzenia o ochronie danych osobowych z dnia 27 kwietnia 2016 r. (Dz.U.UE.L.2016.119.1 z p\u00f3\u017an. zm.), w zwi\u0105zku z art. 49 ustawy z dnia 20 lipca 2018 roku \u2013 Prawo o szkolnictwie wy\u017cszym i nauce (Dz. U. 2018, poz. 1668 z p\u00f3\u017an. zm.) oraz przepisami ustawy z dnia 27 czerwca 1997 r. o bibliotekach (Dz. U. z 2018 r. poz. 574 t.j.) oraz art. 6 ust. 1 lit a) og\u00f3lnego rozporz\u0105dzenia o ochronie danych osobowych z dnia 27 kwietnia 2016 r. (Dz.U.UE.L.2016.119.1 z p\u00f3\u017an. zm.), je\u017celi znajduje zastosowanie.<br>Dost\u0119p do Pani\/Pana danych osobowych b\u0119d\u0105 mieli upowa\u017cnieni pracownicy Pozna\u0144skiej Fundacji Bibliotek Naukowych w zakresie niezb\u0119dnym do \u015bwiadczenia us\u0142ug w ramach zawartej z administratorem umowy.<br>Podanie danych osobowych jest dobrowolne, jednak konieczne do realizacji cel\u00f3w, do jakich zosta\u0142y zebrane. Niepodanie danych b\u0119dzie skutkowa\u0107 brakiem mo\u017cliwo\u015bci korzystania z us\u0142ug i zasob\u00f3w biblioteki.<\/p>\n\n\n\n<p class=\"has-small-font-size\">Podanie przez Pani\u0105\/Pana numeru telefonu w celu usprawnienia kontakt\u00f3w z bibliotek\u0105 jest dobrowolne, a jego niepodanie w \u017caden spos\u00f3b nie wp\u0142ynie na mo\u017cliwo\u015b\u0107 korzystania z us\u0142ug i zasob\u00f3w biblioteki.<br>Pani\/Pana dane osobowe przechowywane b\u0119d\u0105 przez okres niezb\u0119dny do wykonywania praw i obowi\u0105zk\u00f3w Uniwersytetu wynikaj\u0105cych ze \u015bwiadczonych na Pani\/Pana rzecz us\u0142ug, nie d\u0142u\u017cej jednak ni\u017c 6 lat od dnia rozliczenia si\u0119 z tytu\u0142u ostatnich zwrot\u00f3w materia\u0142\u00f3w bibliotecznych, a w przypadku danych podanych na podstawie wyra\u017conej przez Pani\u0105\/Pana zgody \u2013 do czasu jej wycofania.<br>Posiada Pani\/Pan prawo do \u017c\u0105dania od administratora dost\u0119pu do danych osobowych, prawo do ich sprostowania, usuni\u0119cia lub ograniczenia przetwarzania, prawo do wniesienia sprzeciwu wobec przetwarzania, prawo do przenoszenia danych.<br>Je\u017celi przetwarzanie Pani\/Pana danych osobowych odbywa si\u0119 na podstawie udzielonej przez Pani\u0105\/Pana zgody na przetwarzanie danych, przys\u0142uguje Pani\/Panu prawo cofni\u0119cia tej zgody w dowolnym momencie. Wycofanie zgody nie wp\u0142ywa na zgodno\u015b\u0107 z prawem przetwarzania dokonanego przed jej wycofaniem.<br>Ma Pani\/Pan prawo wniesienia skargi do organu nadzorczego \u2013 Prezesa Urz\u0119du Ochrony Danych Osobowych, ul. Stawki 2, 00-193 Warszawa.<\/p>\n","protected":false},"excerpt":{"rendered":"<p>KLAUZULA INFORMACYJNA DLA U\u017bYTKOWNIK\u00d3W BIBLIOTEK UAM w POZNANIU Zgodnie z art. 13 og\u00f3lnego rozporz\u0105dzenia o ochronie danych osobowych z dnia 27 kwietnia 2016 r. (Dz.U.&hellip;<\/p>\n","protected":false},"author":1,"featured_media":0,"parent":0,"menu_order":0,"comment_status":"closed","ping_status":"closed","template":"","meta":{"footnotes":""},"class_list":["post-25","page","type-page","status-publish","hentry"],"_links":{"self":[{"href":"https:\/\/bch.amu.edu.pl\/index.php?rest_route=\/wp\/v2\/pages\/25","targetHints":{"allow":["GET"]}}],"collection":[{"href":"https:\/\/bch.amu.edu.pl\/index.php?rest_route=\/wp\/v2\/pages"}],"about":[{"href":"https:\/\/bch.amu.edu.pl\/index.php?rest_route=\/wp\/v2\/types\/page"}],"author":[{"embeddable":true,"href":"https:\/\/bch.amu.edu.pl\/index.php?rest_route=\/wp\/v2\/users\/1"}],"replies":[{"embeddable":true,"href":"https:\/\/bch.amu.edu.pl\/index.php?rest_route=%2Fwp%2Fv2%2Fcomments&post=25"}],"version-history":[{"count":5,"href":"https:\/\/bch.amu.edu.pl\/index.php?rest_route=\/wp\/v2\/pages\/25\/revisions"}],"predecessor-version":[{"id":814,"href":"https:\/\/bch.amu.edu.pl\/index.php?rest_route=\/wp\/v2\/pages\/25\/revisions\/814"}],"wp:attachment":[{"href":"https:\/\/bch.amu.edu.pl\/index.php?rest_route=%2Fwp%2Fv2%2Fmedia&parent=25"}],"curies":[{"name":"wp","href":"https:\/\/api.w.org\/{rel}","templated":true}]}}