{"id":268,"date":"2021-09-01T11:51:15","date_gmt":"2021-09-01T09:51:15","guid":{"rendered":"http:\/\/bwh2015.home.amu.edu.pl\/?page_id=268"},"modified":"2024-10-10T07:58:58","modified_gmt":"2024-10-10T05:58:58","slug":"historia-2","status":"publish","type":"page","link":"https:\/\/bch.amu.edu.pl\/?page_id=268","title":{"rendered":"Historia"},"content":{"rendered":"\n<p class=\"has-vivid-cyan-blue-color has-text-color\"><strong><a href=\"https:\/\/bwh2015.web.amu.edu.pl\/?page_id=1904\">CLASSIFICATION HISTORY COLLECTION<\/a><\/strong><\/p>\n\n\n\n<p class=\"has-small-font-size\">Zbiory w wolnym dost\u0119pie prezentowane s\u0105 w kolekcjach dziedzinowych oznaczonych pierwsz\u0105 liter\u0105 dyscypliny i kolorem<br>Poszczeg\u00f3lne kolekcje ustawione s\u0105 zgodnie z klasyfikacj\u0105 dziedzinow\u0105 opart\u0105 na ujednoliconym ci\u0105gu literowo-liczbowym<\/p>\n\n\n\n<figure class=\"wp-block-image size-large is-resized\"><img loading=\"lazy\" decoding=\"async\" src=\"http:\/\/bwh2015.home.amu.edu.pl\/wp-content\/uploads\/2021\/09\/klasyfikacja_ksiazki_naklejka_historia-1024x511.jpg\" alt=\"\" class=\"wp-image-271\" width=\"715\" height=\"357\" srcset=\"https:\/\/bch.amu.edu.pl\/wp-content\/uploads\/2021\/09\/klasyfikacja_ksiazki_naklejka_historia-1024x511.jpg 1024w, https:\/\/bch.amu.edu.pl\/wp-content\/uploads\/2021\/09\/klasyfikacja_ksiazki_naklejka_historia-300x150.jpg 300w, https:\/\/bch.amu.edu.pl\/wp-content\/uploads\/2021\/09\/klasyfikacja_ksiazki_naklejka_historia-768x383.jpg 768w, https:\/\/bch.amu.edu.pl\/wp-content\/uploads\/2021\/09\/klasyfikacja_ksiazki_naklejka_historia-1536x767.jpg 1536w, https:\/\/bch.amu.edu.pl\/wp-content\/uploads\/2021\/09\/klasyfikacja_ksiazki_naklejka_historia-2048x1022.jpg 2048w\" sizes=\"auto, (max-width: 715px) 100vw, 715px\" \/><\/figure>\n\n\n\n<p class=\"has-small-font-size\"><strong>DZIA\u0141 OG\u00d3LNY<br>H 100 DZIE\u0141A OG\u00d3LNE<\/strong><br>\u2013 Seria Historia<br>\u2013 Publikacje Instytutu Historii UAM<br>\u2013 Prace Wroc\u0142awskiego Towarzystwa Naukowego<br>\u2013 Rozprawy Historyczne Towarzystwa Naukowego Warszawskiego<br>\u2013 Badania z Dziej\u00f3w Spo\u0142ecznych i Gospodarczych<br>\u2013 &#8222;Powt\u00f3rka przed&#8221;<br>H 101 Historia powszechna<br>H 102 Historia Europy<br>H 103 Historie pa\u0144stw<br>H 104 Historia Polski<br>H 105 Historia idei politycznych<br>H 110 S\u0142owniki, leksykony<br>H 120 S\u0142owniki j\u0119zykowe<br>H 130 Bibliografie, katalogi, inwentarze<br>H 131 Bibliografie &#8211; Historia powszechna<br>H 132 Bibliografie &#8211; Historia Polski<br>H 140 Atlasy historyczne<br>H 141 Atlasy &#8211; Historia powszechna<br>H 142 Atlasy &#8211; Historia Polski<br>H 150 \u0179r\u00f3d\u0142oznawstwo<br>H 160 Nauki pomocnicze<br>H 161 Genealogia i heraldyka<br>H 162 Chronologia<br>H 163 Geografia historyczna i onomastyka<br>H 164 Paleografia, epigrafika<br>H 165 Dyplomatyka<br>H 166 Archiwistyka<br>H 167 Numizmatyka<br>H 168 Sfragistyka<br>H 169 Kodykologia, bibliologia, edytorstwo<br>H 170 Teoria historii<br>H 180 Historia historiografii<br>H 190 Dydaktyka<br>H 200 Historie rod\u00f3w, dynastii<br>H 300 Kultura, sztuka, nauka, sport<br>H 301 Cmentarze<br>H 400 Historia religii<br>H 500 Historia spo\u0142eczna<br>H 510 Dzieje \u017byd\u00f3w<br>H 520 Polacy za granic\u0105<br>H 530 To\u017csamo\u015b\u0107 spo\u0142eczna i \u015bwiadomo\u015b\u0107 historyczna<br>H 540 Historia \u015brodowiskowa<br>H 600 Historia gospodarcza<br>H 700 Historia wojskowa<br>H 800 Historie miast, wsi i region\u00f3w<br>H 900 Miscellanea<br>H 910 Ksi\u0119gi Pami\u0105tkowe<\/p>\n\n\n\n<p class=\"has-small-font-size\"><strong>HISTORIA STARO\u017bYTNA<\/strong><br>H I 100 DZIE\u0141A OG\u00d3LNE<br>H I 200 EGIPT \u2013 Opracowania og\u00f3lne<br>H I 210 Historia polityczna i wojskowa<br>H I 220 Historia spo\u0142eczno-gospodarcza<br>H I 230 Cywilizacja<br>H I 240 Religia<br>H I 250 Sztuka<br>H I 260 Odkrycia i badania<br>H I 300 BLISKI WSCH\u00d3D \u2013 Opracowania og\u00f3lne<br>H I 310 Historia polityczna i wojskowa<br>H I 320 Historia spo\u0142eczno-gospodarcza<br>H I 330 Cywilizacja<br>H I 340 Religia<br>H I 350 Sztuka<br>H I 360 Odkrycia i badania<br>H I 400 DALEKI WSCH\u00d3D \u2013 Opracowania og\u00f3lne<br>H I 410 Historia polityczna i wojskowa<br>H I 420 Historia spo\u0142eczno-gospodarcza<br>H I 430 Cywilizacja<br>H I 440 Religia<br>H I 450 Sztuka<br>H I 500 GRECJA, MACEDONIA \u2013 Opracowania og\u00f3lne<br>H I 510 Historia polityczna i wojskowa<br>H I 520 Historia spo\u0142eczno-gospodarcza<br>H I 530 Cywilizacja<br>H I 540 Religia<br>H I 550 Sztuka<br>H I 560 Odkrycia i badania<br>H I 600 RZYM \u2013 Opracowania og\u00f3lne<br>H I 610 Historia polityczna i wojskowa<br>H I 620 Historia spo\u0142eczno-gospodarcza<br>H I 630 Cywilizacja<br>H I 640 Religia<br>H I 650 Sztuka<br>H I 660 Odkrycia i badania<br>H I 700 BIZANCJUM \u2013 Opracowania og\u00f3lne<br>H I 710 Historia polityczna i wojskowa<br>H I 720 Historia spo\u0142eczno-gospodarcza<br>H I 730 Cywilizacja<br>H I 740 Religia<br>H I 750 Sztuka<\/p>\n\n\n\n<p class=\"has-small-font-size\"><strong>HISTORIA POWSZECHNA \u015aREDNIOWIECZA<\/strong><br>H II 100 DZIE\u0141A OG\u00d3LNE<br>H II 200 POLITYKA I RZ\u0104DY 500-900<br>H II 210 Kr\u00f3lestwa sukcesyjne<br>H II 220 Germania barbarzy\u0144ska<br>H II 230 Wyspy Brytyjskie<br>H II 240 Cesarstwo Karoli\u0144skie<br>H II 250 S\u0142owia\u0144szczyzna<br>H II 260 Skandynawia<br>H II 300 POLITYKA I RZ\u0104DY 900-1500<br>H II 310 Rzesza<br>H II 311 Brandenburgia-Nowa Marchia<br>H II 312 Pomorze Zachodnie<br>H II 313 Saksonia<br>H II 320 Francja<br>H II 330 Wyspy Brytyjskie<br>H II 340 Skandynawia<br>H II 350 Hiszpania<br>H II 360 Italia<br>H II 370 Ba\u0142kany<br>H II 380 Europa \u015arodkowa<br>H II 381 Czechy<br>H II 382 W\u0119gry<br>H II 383 Pa\u0144stwa Zakonu Krzy\u017cackiego<br>H II 384 Wielkie Ksi\u0119stwo Litewskie<br>H II 390 Ru\u015b, Tatarzy, Mongo\u0142owie<br>H II 400 EUROPA I \u015aWIAT<br>H II 410 Stosunki mi\u0119dzynarodowe<br>H II 420 Europa w stosunkach pozaeuropejskich<br>H II 430 Kraje arabskie<br>H II 440 Bizancjum<br>H II 460 Zakony rycerskie<br>H II 470 Cywilizacje prekolumbijskie<br>H II 500 SPO\u0141ECZE\u0143STWO I GOSPODARKA<br>H II 510 Feudalizm<br>H II 520 Historia elit<br>H II 530 Duchowie\u0144stwo<br>H II 540 Miasta i mieszcza\u0144stwo<br>H II 550 Ch\u0142opi i sytuacja na wsi<br>H II 560 Handel, rzemios\u0142o<br>H II 600 IDEE, KULTURA, NAUKA I SZTUKA<br>H II 610 Nauka i nauczanie<br>H II 611 Filozofia<br>H II 620 Idee polityczne<br>H II 630 Literatura, teatr<br>H II 700 HISTORIA RELIGIJNA<br>H II 710 Ko\u015bcio\u0142y chrze\u015bcija\u0144skie<br>H II 720 Chrystianizacja<br>H II 730 Monastycyzm<br>H II 740 Kult \u015bwi\u0119tych<br>H II 750 Herezje<br>H II 770 Islam<br>H II 780 Religie przedchrze\u015bcija\u0144skie<br>H II 800 HISTORIA WOJSKOWA<br>H II 810 Kampanie i bitwy<br>H II 820 Krucjaty<br>H II 830 Sztuka i nauka wojenna<br>H II 900 MEDIEWALIZM<\/p>\n\n\n\n<p class=\"has-small-font-size\"><strong>HISTORIA \u015aREDNIOWIECZNA POLSKI<\/strong><br>H III 100 DZIE\u0141A OG\u00d3LNE<br>H III 200 POLITYKA I RZ\u0104DY 960-1320<br>H III 210 Wielkopolska i Kujawy<br>H III 220 Ma\u0142opolska<br>H III 230 Pomorze Gda\u0144skie<br>H III 240 Pomorze Zachodnie<br>H III 250 \u015al\u0105sk<br>H III 260 Mazowsze<br>H III 300 POLITYKA I RZ\u0104DY 1320-1500<br>H III 310 Wielkopolska i Kujawy<br>H III 320 Ma\u0142opolska<br>H III 330 Prusy<br>H III 340 Mazowsze<br>H III 400 STOSUNKI MI\u0118DZYNARODOWE<br>H III 410 Papiestwo<br>H III 420 Rzesza<br>H III 430 Czechy<br>H III 440 W\u0119gry<br>H III 450 Ru\u015b<br>H III 460 Litwa<br>H III 470 Zakon Krzy\u017cacki i jego pa\u0144stwo<br>H III 500 SYTUACJA SPO\u0141ECZNO-GOSPODARCZA<br>H III 510 Historia elit<br>H III 520 Duchowie\u0144stwo<br>H III 530 Miasta i mieszcza\u0144stwo<br>H III 540 Ch\u0142opi i sytuacja na wsi<br>H III 550 Handel, rzemios\u0142o<br>H III 600 IDEE, KULTURA, NAUKA I SZTUKA<br>H III 610 Nauka i nauczanie<br>H III 611 Filozofia<br>H III 630 Literatura<br>H III 700 HISTORIA RELIGIJNA<br>H III 710 Ko\u015bci\u00f3\u0142 katolicki<br>H III 720 Zakony<br>H III 730 Kult \u015bwi\u0119tych<br>H III 740 Herezje<br>H III 770 Religie przedchrze\u015bcija\u0144skie<br>H III 800 HISTORIA WOJSKOWA<br>H III 810 Kampanie i bitwy<br>H III 820 Wojny z Zakonem<br>H III 830 Sztuka i nauka wojenna<\/p>\n\n\n\n<p class=\"has-small-font-size\"><strong>HISTORIA NOWO\u017bYTNA POWSZECHNA 1500-1800<\/strong><br>H IV 100 DZIE\u0141A OG\u00d3LNE<br>H IV 200 HISTORIA POLITYCZNA<br>H IV 210 Europa Zachodnia<br>H IV 220 Europa Wschodnia<br>H IV 230 Wielkie Ksi\u0119stwo Litewskie<br>H IV 240 Kraje Skandynawskie<br>H IV 250 Ameryka<br>H IV 260 Wsch\u00f3d, kraje arabskie<br>H IV 300 HISTORIA PA\u0143STWA I PRAWA<br>H IV 400 EUROPA I \u015aWIAT<br>H IV 410 Odkrycia geograficzne<br>H IV 420 Stosunki mi\u0119dzynarodowe<br>H IV 500 SYTUACJA SPO\u0141ECZNO-GOSPODARCZA<br>H IV 510 Europa<br>H IV 511 Demografia, \u017cycie codzienne<br>H IV 512 Miasta i mieszcza\u0144stwo<br>H IV 513 Ch\u0142opi i sytuacja na wsi, rolnictwo<br>H IV 514 Rzemios\u0142o, przemys\u0142 i komunikacja<br>H IV 515 Handel, pieni\u0105dz<br>H IV 520 Ameryka<br>H IV 530 Afryka<br>H IV 540 Bliski i Daleki Wsch\u00f3d<br>H IV 550 Rosja<br>H IV 600 HISTORIA WOJSKOWO\u015aCI<br>H IV 610 Kampanie i bitwy 16 w.<br>H IV 620 Kampanie i bitwy 17 w.<br>H IV 630 Kampanie i bitwy 18 w.<br>H IV 640 Sztuka i nauka wojenna<br>H IV 700 STOSUNKI WYZNANIOWE<br>H IV 710 Religie chrze\u015bcija\u0144skie<br>H IV 720 Reformacja<br>H IV 730 Kontrreformacja<br>H IV 740 Religie pozachrze\u015bcija\u0144skie<br>H IV 800 KULTURA, NAUKA I SZTUKA<br>H IV 810 Odrodzenie<br>H IV 820 Barok<br>H IV 830 O\u015bwiecenie<\/p>\n\n\n\n<p class=\"has-small-font-size\"><strong>HISTORIA NOWO\u017bYTNA POLSKI<\/strong><br>H V 100 DZIE\u0141A OG\u00d3LNE<br>H V 200 HISTORIA POLITYCZNA<br>H V 210 Panowanie Jagiellon\u00f3w<br>H V 220 Bezkr\u00f3lewie i pierwsi w\u0142adcy elekcyjni<br>H V 230 Wazowie<br>H V 240 Panowanie Micha\u0142a Korybuta Wi\u015bniowieckiego i Jana II Sobieskiego<br>H V 250 Czasy saskie<br>H V 260 Polska Stanis\u0142awa Augusta Poniatowskiego<br>H V 300 HISTORIA PA\u0143STWA I PRAWA<br>H V 310 Ustr\u00f3j<br>H V 320 Monarchia<br>H V 330 Sejm<br>H V 340 Sejmiki<br>H V 350 Administracja<br>H V 400 STOSUNKI MI\u0118DZYNARODOWE<br>H V 410 Polityka Jagiellon\u00f3w i pierwszych w\u0142adc\u00f3w elekcyjnych<br>H V 420 Polityka Waz\u00f3w<br>H V 430 Polityka saska<br>H V 440 Stosunki zagraniczne za panowania Stanis\u0142awa Augusta<br>H V 500 PRZEMIANY SPO\u0141ECZNO-GOSPODARCZE<br>H V 520 Szlachta i magnateria<br>H V 530 Miasta, mieszczanie<br>H V 540 Ch\u0142opi, sytuacja na wsi i rolnictwo<br>H V 550 Duchowie\u0144stwo<br>H V 560 Mniejszo\u015bci<br>H V 570 Rzemios\u0142o i przemys\u0142<br>H V 580 Handel, pieni\u0105dz<br>H V 600 HISTORIA WOJSKOWO\u015aCI<br>H V 610 Kampanie i bitwy 16 w.<br>H V 620 Kampanie i bitwy 17 w.<br>H V 630 Kampanie i bitwy 18 w.<br>H V 640 Sztuka i nauka wojenna<br>H V 700 STOSUNKI WYZNANIOWE<br>H V 710 Ko\u015bci\u00f3\u0142 katolicki i kontrreformacja<br>H V 720 Reformacja i ko\u015bcio\u0142y protestanckie<br>H V 730 Ko\u015bcio\u0142y prawos\u0142awne<br>H V 800 KULTURA, NAUKA I SZTUKA<br>H V 810 Odrodzenie<br>H V 811 Humanizm<br>H V 812 Literatura i teatr<br>H V 813 Nauka i edukacja<br>H V 814 Sztuka i architektura<br>H V 820 Barok<br>H V 821 Literatura i teatr<br>H V 822 Nauka i edukacja<br>H V 823 Sztuka i architektura<br>H V 830 O\u015bwiecenie<br>H V 831 Nauka i edukacja<br>H V 832 Literatura i teatr<br>H V 833 Architektura<br>H V 834 Malarstwo i rze\u017aba<\/p>\n\n\n\n<p class=\"has-small-font-size\"><strong>HISTORIA POWSZECHNA XIX W.<\/strong><br>H VI 100 DZIE\u0141A OG\u00d3LNE<br>H VI 200 CYWILIZACJA<br>H VI 210 Kultura i sztuka<br>H VI 220 Nauka i edukacja<br>H VI 230 Religie, \u017cycie religijne<br>H VI 300 PARTIE, IDEE I DOKTRYNY<br>H VI 310 Partie i organizacje polityczne<br>H VI 320 Inne organizacje, towarzystwa, stowarzyszenia<br>H VI 400 PRZEMIANY SPO\u0141ECZNE I GOSPODARCZE<br>H VI 410 Spo\u0142ecze\u0144stwa europejskie<br>H VI 420 Europa-sytuacja gospodarcza<br>H VI 430 Kraje pozaeuropejskie \u2013 spo\u0142ecze\u0144stwo i gospodarka<br>H VI 500 EUROPA \u2013 POLITYKA I RZ\u0104DY<br>H VI 510 Wielka Brytania<br>H VI 520 Francja<br>H VI 530 Niemcy, W\u0142ochy<br>H VI 540 Rosja, Litwa<br>H VI 550 Skandynawia<br>H VI 560 Hiszpania i Portugalia<br>H VI 570 Ba\u0142kany<br>H VI 580 Austro-W\u0119gry<br>H VI 600 POLITYKA ZAGRANICZNA KRAJ\u00d3W EUROPEJSKICH<br>H VI 610 Dyplomacja<br>H VI 620 Konflikty zbrojne<br>H VI 630 Ruchy rewolucyjne<br>H VI 700 STANY ZJEDNOCZONE<br>H VI 710 Wojna secesyjna<br>H VI 720 Polityka<br>H VI 730 Spo\u0142ecze\u0144stwo<br>H VI 740 Gospodarka<br>H VI 750 Cywilizacja<br>H VI 800 KOLONIALIZM, IMPERIALIZM<br>H VI 900 AMERYKA \u0141ACI\u0143SKA<\/p>\n\n\n\n<p class=\"has-small-font-size\"><strong>HISTORIA POLSKI XIX W.<\/strong><br>H VII 100 DZIE\u0141A OG\u00d3LNE<br>H VII 200 CYWILIZACJA<br>H VII 210 Kultura i sztuka<br>H VII 220 Nauka i edukacja<br>H VII 230 Religie, \u017cycie religijne<br>H VII 300 PRZEMIANY SPO\u0141ECZNO \u2013 GOSPODARCZE<br>H VII 310 Spo\u0142ecze\u0144stwo<br>H VII 320 Mniejszo\u015bci<br>H VII 330 Gospodarka<br>H VII 400 KSI\u0118STWO WARSZAWSKIE<br>H VII 500 ZAB\u00d3R PRUSKI<br>H VII 510 Zab\u00f3r pruski do 1815 r.<br>H VII 520 Wielkie Ksi\u0119stwo Pozna\u0144skie i ziemie pod zaborem po 1815 r.<br>H VII 530 Spo\u0142ecze\u0144stwo i gospodarka<br>H VII 540 Kultura i cywilizacja<br>H VII 600 ZAB\u00d3R ROSYJSKI I KR\u00d3LESTWO POLSKIE<br>H VII 610 Zab\u00f3r rosyjski do 1815 r.<br>H VII 620 Kr\u00f3lestwo Polskie i Ziemie zabrane do 1863 r.<br>H VII 630 Kr\u00f3lestwo Polskie i Ziemie zabrane po 1863 r.<br>H VII 640 Spo\u0142ecze\u0144stwo i gospodarka<br>H VII 650 Kultura i cywilizacja<br>H VII 700 ZAB\u00d3R AUSTRIACKI I RZECZPOSPOLITA KRAKOWSKA<br>H VII 710 Galicja do 1846 r.<br>H VII 720 Rabacja i Powstanie Krakowskie<br>H VII 730 Autonomia Galicji 1850-1914<br>H VII 740 Spo\u0142ecze\u0144stwo i gospodarka<br>H VII 750 Kultura i cywilizacja<br>H VII 800 POLSKIE D\u0104\u017bENIA NARODOWE<br>H VII 811 Powstanie Ko\u015bciuszkowskie<br>H VII 812 Powstanie Listopadowe<br>H VII 813 Wiosna Lud\u00f3w<br>H VII 814 Powstanie Styczniowe<br>H VII 830 Wielka Emigracja<br>H VII 840 Idee, doktryny, partie i organizacje polityczne<br>H VII 850 Praca organiczna, organizacje, towarzystwa i stowarzyszenia<\/p>\n\n\n\n<p class=\"has-small-font-size\"><strong>HISTORIA POWSZECHNA XX-XXI W.<\/strong><br>H VIII 100 DZIE\u0141A OG\u00d3LNE<br>H VIII 200 PIERWSZA WOJNA \u015aWIATOWA I REWOLUCJE<br>H VIII 210 Przyczyny i dyplomacja<br>H VIII 220 Dzia\u0142ania wojenne<br>H VIII 230 Historia jednostek wojskowych<br>H VIII 240 Spo\u0142ecze\u0144stwo wobec wojny<br>H VIII 250 Polska i Polacy w czasie I wojny \u015bwiatowej<br>H VIII 260 Rewolucje w Rosji<br>H VIII 270 Rewolucje w Europie<br>H VIII 280 Traktaty pokojowe<br>H VIII 300 EUROPA I \u015aWIAT 1918-1939<br>H VIII 310 Europa 1918-1929<br>H VIII 320 Europa 1929-1939<br>H VIII 330 Rosja i Zwi\u0105zek Radziecki<br>H VIII 340 Ameryka P\u00f3\u0142nocna i Po\u0142udniowa<br>H VIII 350 Stosunki zagraniczne<br>H VIII 360 Bliski i Daleki Wsch\u00f3d, Afryka<br>H VIII 370 \u015awiat przed II wojn\u0105 \u015bwiatow\u0105<br>H VIII 400 HISTORIA SPO\u0141ECZNO-GOSPODARCZA 1918-1939<br>H VIII 410 Spo\u0142ecze\u0144stwo europejskie 20-lecia<br>H VIII 420 Gospodarka 1918-1939<br>H VIII 500 DRUGA WOJNA \u015aWIATOWA<br>H VIII 510 Kampanie i bitwy 1939-1945<br>H VIII 520 Historie jednostek wojskowych i uzbrojenia<br>H VIII 530 Ruch oporu, ruchy antyfaszystowskie i wywiad<br>H VIII 540 Dzia\u0142ania wojenne na Bliskim i Dalekim Wschodzie<br>H VIII 550 Eksterminacja<br>H VIII 560 Front zachodni<br>H VIII 570 Front wschodni<br>H VIII 580 Konferencje i traktaty pokojowe<br>H VIII 590 Historia dyplomatyczna<br>H VIII 600 EUROPA I \u015aWIAT 1945-1989<br>H VIII 610 Kraje socjalistyczne Europy \u2013 polityka i rz\u0105dy<br>H VIII 620 Europa Zachodnia \u2013 polityka i rz\u0105dy<br>H VIII 630 Zwi\u0105zek Radziecki<br>H VIII 640 Ameryka \u2013 polityka i rz\u0105dy<br>H VIII 650 Stosunki zagraniczne<br>H VIII 660 Bliski i Daleki Wsch\u00f3d, Afryka<br>H VIII 670 Wojskowo\u015b\u0107, konflikty zbrojne<br>H VIII 680 Koniec zimnej wojny, upadek komunizmu<br>H VIII 700 HISTORIA SPO\u0141ECZNO-GOSPODARCZA 1945-1989<br>H VIII 710 Spo\u0142ecze\u0144stwo 1945-70<br>H VIII 720 Spo\u0142ecze\u0144stwo 1970-89<br>H VIII 730 Gospodarka<br>H VIII 800 EUROPA I \u015aWIAT PO 1989 r.<br>H VIII 810 Historia polityczna<br>H VIII 820 Sytuacja spo\u0142eczna<br>H VIII 830 Gospodarka<br>H VIII 840 Stosunki zagraniczne<br>H VIII 850 Integracja, Unia Europejska, globalizacja<br>H VIII 860 Konflikty zbrojne, misje stabilizacyjne<br>H VIII 900 CYWILIZACJA, IDEOLOGIE, RELIGIE, NAUKA<br>H VIII 910 Ideologie, idee, doktryny<br>H VIII 920 Partie i organizacje polityczne<br>H VIII 930 Inne organizacje, towarzystwa i stowarzyszenia<br>H VIII 940 Represje i zbrodnie do 1939 r.<br>H VIII 950 Represje i zbrodnie po 1945 r.<br>H VIII 960 Religie i ko\u015bcio\u0142y<br>H VIII 970 Kultura i sztuka<br>H VIII 980 Nauka i edukacja<br>H VIII 990 Nowe technologie i media<\/p>\n\n\n\n<p class=\"has-small-font-size\"><strong>HISTORIA POLSKI XX-XXI W.<\/strong><br>H IX 100 DZIE\u0141A OG\u00d3LNE<br>H IX 200 KSZTA\u0141TOWANIE GRANIC POLSKI<br>H IX 210 Powstanie Wielkopolskie<br>H IX 220 Powstania \u015bl\u0105skie<br>H IX 230 Wojna polsko-bolszewicka<br>H IX 240 Kresy Wschodnie<br>H IX 300 POLSKA W LATACH 1918-1939<br>H IX 310 Polityka i rz\u0105dy 1918-1925<br>H IX 320 Polityka i rz\u0105dy 1926-1939<br>H IX 330 Stosunki zagraniczne 1918-1939<br>H IX 350 Wojskowo\u015b\u0107 1918-1939<br>H IX 400 HISTORIA SPO\u0141ECZNO-GOSPODARCZA 1918-1939<br>H IX 410 Spo\u0142ecze\u0144stwo Polski w 20-leciu<br>H IX 420 Mniejszo\u015bci<br>H IX 430 Przemiany gospodarcze<br>H IX 440 \u017bycie codzienne<br>H IX 450 Kultura, nauka, sztuka, sport<br>H IX 500 II WOJNA \u015aWIATOWA<br>H IX 510 Kampania wrze\u015bniowa<br>H IX 520 Polacy na frontach II wojny \u015bwiatowej<br>H IX 530 Ruch oporu i wywiad<br>H IX 540 Dyplomacja i sprawa polska<br>H IX 550 Terror i okrucie\u0144stwa<br>H IX 560 \u017bycie codzienne, intelektualne , artystyczne i religijne<br>H IX 570 \u201ePolska Lubelska\u201d<br>H IX 600 POLSKA W LATACH 1945-1989<br>H IX 610 Polityka i rz\u0105dy-1945-1970<br>H IX 630 Polityka i rz\u0105dy-1971-1989<br>H IX 640 Represje i zbrodnie<br>H IX 650 Stosunki zagraniczne<br>H IX 660 Historia wojskowa<br>H IX 700 HISTORIA SPO\u0141ECZNO-GOSPODARCZA 1945-1989<br>H IX 710 Spo\u0142ecze\u0144stwo i gospodarka powojenne<br>H IX 720 Spo\u0142ecze\u0144stwo PRL<br>H IX 730 Gospodarka komunistyczna<br>H IX 750 Op\u00f3r wobec w\u0142adzy<br>H IX 760 Solidarno\u015b\u0107<br>H IX 770 Ko\u015bci\u00f3\u0142 i pa\u0144stwo<br>H IX 800 POLSKA PO 1989 R.<br>H IX 810 Polityka i rz\u0105dy<br>H IX 820 Stosunki zagraniczne<br>H IX 830 Sytuacja spo\u0142eczna<br>H IX 840 Gospodarka<br>H IX 900 IDEOLOGIE, CYWILIZACJA, RELIGIE, NAUKA<br>H IX 910 Ideologie, idee, doktryny<br>H IX 920 Partie i organizacje polityczne<br>H IX 930 Inne organizacje, towarzystwa i stowarzyszenia<br>H IX 940 Represje i zbrodnie do 1939 r.<br>H IX 960 Religie i ko\u015bcio\u0142y<br>H IX 970 Kultura i sztuka<br>H IX 980 Nauka i edukacja<br>H IX 990 Nowe technologie i media<\/p>\n\n\n\n<p class=\"has-small-font-size\"><strong>\u0179R\u00d3D\u0141A<\/strong><br>HZ 100 DZIE\u0141A OG\u00d3LNE<br>HZ I 100 HISTORIA STARO\u017bYTNA \u2013 DZIE\u0141A OG\u00d3LNE<br>HZ I 200 EGIPT<br>HZ I 300 BLISKI WSCH\u00d3D<br>HZ I 500 GRECJA, MACEDONIA<br>HZ I 600 RZYM<br>HZ I 700 BIZANCJUM<br>HZ II 100 HISTORIA POWSZECHNA \u015aREDNIOWIECZA<br>HZ III 100 HISTORIA \u015aREDNIOWIECZNA POLSKI<br>HZ IV 100 HISTORIA NOWO\u017bYTNA POWSZECHNA<br>HZ V 100 HISTORIA NOWO\u017bYTNA POLSKI<br>HZ VI 100 HISTORIA POWSZECHNA XIX W.<br>HZ VII 100 HISTORIA POLSKI XIX W.<br>HZ VIII 100 HISTORIA POWSZECHNA XX-XXI W.<br>HZ IX 100 HISTORIA POLSKI XX-XXI W.<\/p>\n\n\n\n<p class=\"has-small-font-size\"><strong>POZNA\u0143<\/strong><br>P 100 DZIE\u0141A OG\u00d3LNE<br>P 110 Kronika Miasta Poznania<br>P 120 Roczniki Pozna\u0144skiego Towarzystwa Przyjaci\u00f3\u0142 Nauk<br>P 200 Pozna\u0144 \u015bredniowieczny<br>P 300 Pozna\u0144 nowo\u017cytny<br>P 400 Pozna\u0144 pod zaborami<br>P 500 Pozna\u0144 w XX i XXI wieku<br>P 600 \u017bycie intelektualne, religijne<br>P 700 \u017bycie kulturalne i artystyczne<br>P 800 Zabytki<br>P 900 Dzieje UAM<br>P 910 Kronika UAM<br>P 920 Sk\u0142ad osobowy UAM<br>P 930 \u017bycie Uniwersyteckie<\/p>\n","protected":false},"excerpt":{"rendered":"<p>CLASSIFICATION HISTORY COLLECTION Zbiory w wolnym dost\u0119pie prezentowane s\u0105 w kolekcjach dziedzinowych oznaczonych pierwsz\u0105 liter\u0105 dyscypliny i koloremPoszczeg\u00f3lne kolekcje ustawione s\u0105 zgodnie z klasyfikacj\u0105 dziedzinow\u0105&hellip;<\/p>\n","protected":false},"author":1,"featured_media":0,"parent":0,"menu_order":0,"comment_status":"closed","ping_status":"closed","template":"","meta":{"footnotes":""},"class_list":["post-268","page","type-page","status-publish","hentry"],"_links":{"self":[{"href":"https:\/\/bch.amu.edu.pl\/index.php?rest_route=\/wp\/v2\/pages\/268","targetHints":{"allow":["GET"]}}],"collection":[{"href":"https:\/\/bch.amu.edu.pl\/index.php?rest_route=\/wp\/v2\/pages"}],"about":[{"href":"https:\/\/bch.amu.edu.pl\/index.php?rest_route=\/wp\/v2\/types\/page"}],"author":[{"embeddable":true,"href":"https:\/\/bch.amu.edu.pl\/index.php?rest_route=\/wp\/v2\/users\/1"}],"replies":[{"embeddable":true,"href":"https:\/\/bch.amu.edu.pl\/index.php?rest_route=%2Fwp%2Fv2%2Fcomments&post=268"}],"version-history":[{"count":20,"href":"https:\/\/bch.amu.edu.pl\/index.php?rest_route=\/wp\/v2\/pages\/268\/revisions"}],"predecessor-version":[{"id":2522,"href":"https:\/\/bch.amu.edu.pl\/index.php?rest_route=\/wp\/v2\/pages\/268\/revisions\/2522"}],"wp:attachment":[{"href":"https:\/\/bch.amu.edu.pl\/index.php?rest_route=%2Fwp%2Fv2%2Fmedia&parent=268"}],"curies":[{"name":"wp","href":"https:\/\/api.w.org\/{rel}","templated":true}]}}