{"id":27,"date":"2021-08-11T16:19:39","date_gmt":"2021-08-11T14:19:39","guid":{"rendered":"http:\/\/bwh2015.home.amu.edu.pl\/?page_id=27"},"modified":"2025-10-01T09:39:06","modified_gmt":"2025-10-01T07:39:06","slug":"limity-wypozyczen","status":"publish","type":"page","link":"https:\/\/bch.amu.edu.pl\/?page_id=27","title":{"rendered":"Limity Wypo\u017cycze\u0144"},"content":{"rendered":"\n<p class=\"has-small-font-size\"><strong>Pracownicy naukowi, emeryci, doktoranci, bibliotekarze oraz pozostali pracownicy UAM:<\/strong><br>\u2022 150 pozycji na 365 dni na ca\u0142ym UAM z mo\u017cliwo\u015bci\u0105 jednokrotnej prolongaty elektronicznej o 360 dni<\/p>\n\n\n\n<p class=\"has-small-font-size\"><strong>Studenci UAM:<\/strong><br>\u2022 60 pozycji na 90 dni z mo\u017cliwo\u015bci\u0105 jednokrotnej prolongaty elektronicznej o 60 dni<\/p>\n\n\n\n<p class=\"has-small-font-size\"><strong>Inni, spoza UAM<\/strong><br>\u2022 5 pozycji wypo\u017cyczanych kaucyjnie na 30 dni<\/p>\n\n\n\n<p class=\"has-small-font-size\"><strong>Karta Go\u015bcia<\/strong><br>\u2022 bez mo\u017cliwo\u015bci wypo\u017cyczenia, dost\u0119p do ksi\u0119gozbioru na miejscu<\/p>\n\n\n\n<p class=\"has-small-font-size\"><strong>Rekomendacja<\/strong><br>\u2022 5 pozycji na 30 dni bez mo\u017cliwo\u015bci prolongaty<\/p>\n\n\n\n<p class=\"has-small-font-size\"><\/p>\n","protected":false},"excerpt":{"rendered":"<p>Pracownicy naukowi, emeryci, doktoranci, bibliotekarze oraz pozostali pracownicy UAM:\u2022 150 pozycji na 365 dni na ca\u0142ym UAM z mo\u017cliwo\u015bci\u0105 jednokrotnej prolongaty elektronicznej o 360 dni&hellip;<\/p>\n","protected":false},"author":1,"featured_media":0,"parent":0,"menu_order":0,"comment_status":"closed","ping_status":"closed","template":"","meta":{"footnotes":""},"class_list":["post-27","page","type-page","status-publish","hentry"],"_links":{"self":[{"href":"https:\/\/bch.amu.edu.pl\/index.php?rest_route=\/wp\/v2\/pages\/27","targetHints":{"allow":["GET"]}}],"collection":[{"href":"https:\/\/bch.amu.edu.pl\/index.php?rest_route=\/wp\/v2\/pages"}],"about":[{"href":"https:\/\/bch.amu.edu.pl\/index.php?rest_route=\/wp\/v2\/types\/page"}],"author":[{"embeddable":true,"href":"https:\/\/bch.amu.edu.pl\/index.php?rest_route=\/wp\/v2\/users\/1"}],"replies":[{"embeddable":true,"href":"https:\/\/bch.amu.edu.pl\/index.php?rest_route=%2Fwp%2Fv2%2Fcomments&post=27"}],"version-history":[{"count":30,"href":"https:\/\/bch.amu.edu.pl\/index.php?rest_route=\/wp\/v2\/pages\/27\/revisions"}],"predecessor-version":[{"id":2924,"href":"https:\/\/bch.amu.edu.pl\/index.php?rest_route=\/wp\/v2\/pages\/27\/revisions\/2924"}],"wp:attachment":[{"href":"https:\/\/bch.amu.edu.pl\/index.php?rest_route=%2Fwp%2Fv2%2Fmedia&parent=27"}],"curies":[{"name":"wp","href":"https:\/\/api.w.org\/{rel}","templated":true}]}}