{"id":327,"date":"2021-09-06T08:09:32","date_gmt":"2021-09-06T06:09:32","guid":{"rendered":"http:\/\/bwh2015.home.amu.edu.pl\/?page_id=327"},"modified":"2021-09-15T12:40:26","modified_gmt":"2021-09-15T10:40:26","slug":"archeologia-3","status":"publish","type":"page","link":"https:\/\/bch.amu.edu.pl\/?page_id=327","title":{"rendered":"Archeologia"},"content":{"rendered":"\n<p class=\"has-small-font-size\"><strong>ARCHEOLOGIA NA POLSKICH UCZELNIACH<\/strong><br><a href=\"https:\/\/archeo.amu.edu.pl\/\">POZNA\u0143 Wydzia\u0142 Archeologii UAM<\/a><br><a href=\"https:\/\/archeologia.ukw.edu.pl\">BYDGOSZCZ Katedra Archeologii i Historii Staro\u017cytnej<\/a><br><a href=\"https:\/\/historia.ug.edu.pl\/wydzial\/struktura_wydzialu_0\/instytut_archeologii_i_etnologii\">GDA\u0143SK Instytut Archeologii i Etnologii UG<\/a><br><a href=\"https:\/\/archeo.uj.edu.pl\/\">KRAK\u00d3W Instytut Archeologii UJ<\/a><br><a href=\"https:\/\/www.umcs.pl\/pl\/archeo.htm\">LUBLIN Instytut Archeologii UMCS<\/a><br><a href=\"https:\/\/archeologia.uni.lodz.pl\/\">\u0141\u00d3D\u0179 Instytut Archeologii U\u0141<\/a><br><a href=\"https:\/\/www.ur.edu.pl\/kolegia\/kolegium-nauk-humanistycznych\/jednostki-naukowe\/instytut-archeologii\">RZESZ\u00d3W Instytut Archeologii UR<\/a><br><a href=\"https:\/\/archeologia.usz.edu.pl\/\">SZCZECIN Katedra Archeologii US<\/a><br><a href=\"https:\/\/www.archeologia.umk.pl\/\">TORU\u0143 Instytut Archeologii UMK<\/a><br><a href=\"https:\/\/archeologia.wnhs.uksw.edu.pl\/\">WARSZAWA Instytut Archeologii UKSW<\/a><br><a href=\"https:\/\/www.archeologia.uw.edu.pl\/\">WARSZAWA Wydzia\u0142u Archeologii UW<\/a><br><a href=\"https:\/\/archeo.uni.wroc.pl\/\">WROC\u0141AW Instytut Archeologii UWr<\/a><\/p>\n\n\n\n<p class=\"has-small-font-size\"><strong>MUZEA ARCHEOLOGICZNE, DZIA\u0141Y\/SEKCJE\/KOLEKCJE ARCHEOLOGICZNE W MUZEACH, REZERWATY ARCHEOLOGICZNE<\/strong><br>M<a href=\"https:\/\/www.muzeumkarkonoskie.pl\/\">uzeum Karkonoskie w Jeleniej G\u00f3rze <\/a><br><a href=\"https:\/\/www.muzeumwkaliszu.pl\/rezerwat-archeologiczny-w-kaliszu-zawodziu.html\">Muzeum Okr\u0119gowe Ziemi Kaliskiej\/Rezerwat Archeologiczny w Kaliszu-Zawodziu <\/a><br><a href=\"https:\/\/muzeumslaskie.pl\/pl\/\">Muzeum \u015al\u0105skie w Katowicach <\/a><br><a href=\"https:\/\/muzeum.com.pl\/\">Muzeum Okr\u0119gowe w Koninie<\/a> <br><a href=\"http:\/\/muzeum.kostrzyn.pl\/pl\/\">Muzeum Twierdzy Kostrzyn w Kostrzynie nad Odr\u0105 <\/a><br><a href=\"http:\/\/www.muzeum.koszalin.pl\/\">Muzeum w Koszalinie <\/a><br><a href=\"http:\/\/ma.krakow.pl\/\">Muzeum Archeologiczne w Krakowie<\/a> <br><a href=\"https:\/\/muzeumkrakowa.pl\/\">Muzeum Historyczne Miasta Krakowa <\/a><br><a href=\"https:\/\/karpackatroja.pl\/\">Muzeum Podkarpackie w Kro\u015bnie\/Skansen Karpacka Troja <\/a><br><a href=\"http:\/\/zamek.kwidzyn.pl\/\">Zamek w Kwidzynie<\/a> <br><a href=\"http:\/\/www.lednicamuzeum.pl\/\">Muzeum Pierwszych Piast\u00f3w na Lednicy <\/a><br><a href=\"https:\/\/muzeum.legionowo.pl\/\">Muzeum Historyczne w Legionowie<\/a> <br><a href=\"https:\/\/www.muzeum.lebork.pl\/\">Muzeum w L\u0119borku<\/a> <br><a href=\"https:\/\/www.mnwl.pl\/Aktualnosci-5-20-20-44-173.html\">Muzeum Lubelskie w Lublinie<\/a> <br><a href=\"https:\/\/www.maie.lodz.pl\/\">Muzeum Archeologiczne i Etnograficzne w \u0141odzi <\/a><br><a href=\"http:\/\/muzeumlowicz.pl\/\">Muzeum w \u0141owiczu <\/a><br><a href=\"https:\/\/zamek.malbork.pl\/\">Muzeum Zamkowe w Malborku <\/a><br><a href=\"https:\/\/www.muzeum.mielec.pl\/\">Muzeum Regionalne Samorz\u0105dowego Centrum Kultury w Mielcu <\/a><br><a href=\"http:\/\/www.muzeum.nysa.pl\/\">Muzeum Powiatowe w Nysie<\/a> <br><a href=\"https:\/\/muzeum.olsztyn.pl\/\">Muzeum Warmii i Mazur w Olsztynie<\/a><br><a href=\"https:\/\/muzeum.opole.pl\/\">Muzeum \u015al\u0105ska Opolskiego w Opolu <\/a><br><a href=\"http:\/\/krzemionki.pl\/\">Krzemionki Muzeum Historyczno-Archeologiczne w Ostrowcu \u015awi\u0119tokrzyskim <\/a><br><a href=\"https:\/\/muzeum-zamek.pl\/\">Muzeum Zamek w O\u015bwi\u0119cimiu <\/a><br><a href=\"http:\/\/www.muzeum.pila.pl\/\">Muzeum Okr\u0119gowe w Pile<\/a> <br><a href=\"https:\/\/muzeum.pleszew.pl\/\">Muzeum Regionalne w Pleszewie <\/a><br><a href=\"http:\/\/mdplock.pl\/\">Muzeum Diecezjalne w P\u0142ocku <\/a><br><a href=\"http:\/\/muzeumplock.eu\/pl\">Muzeum Mazowieckie w P\u0142ocku <\/a><br><a href=\"http:\/\/mshm.pl\/\">Muzeum Staro\u017cytnego Hutnictwa Mazowieckiego im. S. Woydy w Pruszkowie <\/a><br>M<a href=\"http:\/\/www.muzeum.edu.pl\/\">uzeum im. J. Malczewskiego w Radomiu<\/a> <br><a href=\"https:\/\/www.muzeum.rzeszow.pl\/pl\/\">Muzeum Okr\u0119gowe w Rzeszowie <\/a><br><a href=\"http:\/\/www.zamek-sandomierz.pl\/\">Muzeum Okr\u0119gowe w Sandomierzu<\/a> <br><a href=\"http:\/\/www.muzeum.sanok.pl\/pl\/\">Muzeum Historyczne w Sanoku <\/a><br><a href=\"https:\/\/muzeum-sieradz.com.pl\/\">Muzeum Okr\u0119gowe w Sieradzu <\/a><br><a href=\"https:\/\/www.muzeum.stalowawola.pl\/\">Muzeum Regionalne w Stalowej Woli <\/a><br><a href=\"http:\/\/www.muzeum-stargard.pl\/\">Muzeum Archeologiczno-Historyczne w Stargardzie<\/a> <br><a href=\"https:\/\/muzeumstarogard.pl\/\">Muzeum Ziemi Kociewskiej w Starogardzie Gda\u0144skim<\/a> <br><a href=\"https:\/\/muzeum.suwalki.pl\/\">Muzeum Okr\u0119gowe w Suwa\u0142kach<\/a> <br><a href=\"https:\/\/muzeum.szczecin.pl\/\">Muzeum Narodowe w Szczecinie<\/a> <br><a href=\"http:\/\/www.muzeum.szczecinek.pl\/\">Muzeum Regionalne w Szczecinku <\/a><br><a href=\"http:\/\/www.muzeum-swidnica.org\/\">Muzeum Archeologiczne \u015arodkowego Nadodrza w \u015awidnicy<\/a><br><a href=\"https:\/\/muzeum.tarnow.pl\/\">Muzeum Okr\u0119gowe w Tarnowie <\/a><br><a href=\"https:\/\/muzeum.torun.pl\/\">Muzeum Okr\u0119gowe w Toruniu<\/a><br><a href=\"https:\/\/muzeumwarszawy.pl\/\">Muzeum Warszawy <\/a><br><a href=\"http:\/\/www.pma.pl\/\">Pa\u0144stwowe Muzeum Archeologiczne w Warszawie <\/a><br><a href=\"http:\/\/www.muzeum.wielun.pl\/wielun\/01\/index.html\">Muzeum Ziemi Wielu\u0144skiej w Wieluniu <\/a><br><a href=\"https:\/\/mnki.pl\/wislica\/\">Muzeum Archeologiczne w Wi\u015blicy <\/a><br>M<a href=\"https:\/\/muzeum.wloclawek.pl\/\">uzeum Ziemi Kujawskiej i Dobrzy\u0144skiej we W\u0142oc\u0142awku <\/a><br><a href=\"https:\/\/muzeum.miejskie.wroclaw.pl\/\">Muzeum Miejskie we Wroc\u0142awiu <\/a><br><a href=\"https:\/\/muzeum-zamojskie.pl\/\">Muzeum Zamojskie w Zamo\u015bciu<\/a> <br><a href=\"https:\/\/muzeum.zgierz.pl\/\">Muzeum Miasta Zgierza <\/a><br><a href=\"https:\/\/www.muzeumluzyckie.pl\/\">Muzeum \u0141u\u017cyckie w Zgorzelcu <\/a><br><a href=\"https:\/\/muzeum-zlotow.pl\/\">Muzeum Ziemi Z\u0142otowskiej w Z\u0142otowie <\/a><\/p>\n\n\n\n<p class=\"has-small-font-size\"><strong>INSTYTUT ARCHEOLOGII I ETNOLOGII PAN<\/strong><br><a href=\"http:\/\/iaepan.edu.pl\/instytut\/struktura\/laboratorium\/pracownicy\/\">Warszawa: Laboratorium bio- i archeometrii <\/a><br><a href=\"http:\/\/iaepan.edu.pl\/instytut\/struktura\/osrodki\/osrodek-historii-kultury-materialnej-sredniowiecza-i-czasow-nowozytnych\/\">O\u015brodek Historii Kultury Materialnej \u015aredniowiecza i Czas\u00f3w Nowo\u017cytnych<\/a> <br><a href=\"http:\/\/iaepan.edu.pl\/instytut\/struktura\/osrodki\/osrodek-interdyscyplinarnych-badan-archeologicznych\/\">O\u015brodek Interdyscyplinarnych Bada\u0144 Archeologicznych <\/a><br><a href=\"http:\/\/iaepan.edu.pl\/instytut\/struktura\/osrodki\/samodzielna-pracownia-prehistorycznego-gornictwa-krzemienia-2\/\">Samodzielna Pracownia Prehistorycznego G\u00f3rnictwa Krzemienia <\/a><br><a href=\"http:\/\/iaepan.edu.pl\/instytut\/struktura\/osrodki\/osrodek-archeologii-gor-i-wyzyn\/\">Krak\u00f3w: O\u015brodek Archeologii G\u00f3r i Wy\u017cyn <\/a><br><a href=\"http:\/\/iaepan.edu.pl\/instytut\/struktura\/osrodki\/osrodek-badan-nad-dawnymi-technologiami\/\">\u0141\u00f3d\u017a: O\u015brodek Bada\u0144 nad Dawnymi Technologiami <\/a><a href=\"http:\/\/iaepan.edu.pl\/instytut\/struktura\/osrodki\/osrodek-archeologii-sredniowiecza-krajow-nadbaltyckich\/\"><br>Szczecin: O\u015brodek Archeologii \u015aredniowiecza Kraj\u00f3w Nadba\u0142tyckich<\/a> <br><a href=\"http:\/\/iaepan.edu.pl\/instytut\/struktura\/osrodki\/osrodek-studiow-pradziejowych-i-sredniowiecznych\/\">Pozna\u0144: O\u015brodek Studi\u00f3w Pradziejowych i \u015aredniowiecznych <\/a><br>W<a href=\"http:\/\/iaepan.edu.pl\/instytut\/struktura\/osrodki\/osrodek-badan-nad-kultura-poznego-antyku-i-wczesnego-sredniowiecza\/\">roc\u0142aw: O\u015brodek Bada\u0144 Nad Kultur\u0105 P\u00f3\u017anego Antyku i Wczesnego \u015aredniowiecza <\/a><\/p>\n\n\n\n<p class=\"has-small-font-size\"><strong>STOWARZYSZENIE NAUKOWE ARCHEOLOG\u00d3W POLSKICH<\/strong><br><a href=\"https:\/\/www.snap-archeogdansk.pl\/\">Oddzia\u0142 w Gda\u0144sku <\/a><br><a href=\"https:\/\/www.snap.org.pl\/oddzialy-snap\/oddzial-gornoslaski\/\">Oddzia\u0142 G\u00f3rno\u015bl\u0105ski<\/a><br><a href=\"https:\/\/www.snap.org.pl\/oddzialy-snap\/oddzial-kujawsko-pomorski\/\">Oddzia\u0142 Kujawsko-Pomorski<\/a><br><a href=\"https:\/\/www.snap.zgora.pl\/\">Oddzia\u0142 Lubuski <\/a><br><a href=\"http:\/\/snap.uni.lodz.pl\/\">Oddzia\u0142 w \u0141odzi <\/a><br><a href=\"https:\/\/www.snap.org.pl\/oddzialy-snap\/oddzial-w-olsztynie\/zarzad\/\">Oddzia\u0142 w Olsztynie<\/a><br><a href=\"http:\/\/snap.poznan.pl\/\">Oddzia\u0142 Wielkopolski <\/a><\/p>\n\n\n\n<p class=\"has-small-font-size\"><strong>MUZEA ARCHEOLOGICZNE NA \u015aWIECIE<\/strong><br><a href=\"https:\/\/archaeologymuseum.ca\/\">Museum of Ontario <\/a><br><a href=\"https:\/\/www.peabody.harvard.edu\/\">Peabody Museum of Archaeology and Ethnology at Harvard University <\/a><br><a href=\"https:\/\/maa.missouri.edu\/\">University of Missouri \/ Museum of Art and Archaeology <\/a><br><a href=\"https:\/\/www.penn.museum\/\">University of Pennsylvania Museum of Archaeology and Anthropology <\/a><br><a href=\"http:\/\/museum.wa.gov.au\/\">Western Australian Museum <\/a><br><a href=\"https:\/\/www.ashmolean.org\/\">Ashmolean Museum <\/a><br><a href=\"https:\/\/www.namuseum.gr\/en\/\">National Archaeological Museum of Athens <\/a><br><a href=\"https:\/\/www.museumsportal-berlin.de\/de\/museen\/neues-museum\/\">Berlin Neue Museum <\/a><br><a href=\"https:\/\/www.smb.museum\/museen-einrichtungen\/pergamonmuseum\/home\/\">Berlin Pergamonmuseum <\/a><br><a href=\"https:\/\/www.smb.museum\/en\/museums-institutions\/archaeologisches-zentrum\/about-us\/about-us\/\">Arch\u00e4ologisches Zentrum Berlin <\/a><br><a href=\"https:\/\/www.stadtmuseum.de\/museumsdorf-dueppel\">Museumsdorf D\u00fcppel Berlin <\/a><br><a href=\"https:\/\/haithabu.de\/\">Wikinger Museum Haithabu<\/a> <br><a href=\"https:\/\/heimatmuseum-dissen-spreewald.de\/index.php?stary-lud\">Freilichtmuseum Stary Lud <\/a><br><a href=\"https:\/\/www.ribevikingecenter.dk\/en\/home.aspx\">Ribe Viking Center <\/a><br><a href=\"https:\/\/www.ribesvikinger.dk\/en\/\">Museet Ribes Vikinger <\/a><br><a href=\"https:\/\/en.natmus.dk\/museums-and-palaces\/kongernes-jelling-home-of-the-viking-kings\/\">Kongernes Jelling &#8211; Home of the Viking Kings <\/a><br><a href=\"https:\/\/en.natmus.dk\/\">National Museum of Denmark <\/a><br><a href=\"https:\/\/en.natmus.dk\/museums-and-palaces\/trelleborg\/\">Trelleborg Viking Fortress <\/a><br><a href=\"https:\/\/www.moesgaardmuseum.dk\/\">Moesgaard Museum <\/a><br><a href=\"https:\/\/historiska.se\/\">Historiska museet Stockholm <\/a><br>Kern<a href=\"https:\/\/www.kernave.lt\/en\/\">av\u0117s archeologine vietove <\/a><\/p>\n\n\n\n<p class=\"has-small-font-size\"><strong>KOLEKCJE ARCHEOLOGICZNE NA \u015aWIATOWYCH UNIWERSYTETACH<\/strong><br><a href=\"https:\/\/www.stanford.edu\/\">Stanford University <\/a><br><a href=\"https:\/\/www.ulethbridge.ca\/lib\/index.asp?Fullsite=1\">University of Lethbridge Library <\/a><br><a href=\"https:\/\/antike.uni-graz.at\/de\/museum-sammlungen\/archaeologische-sammlungen\/\">Arch\u00e4ologische Sammlungen der Universit\u00e4t Graz <\/a><br><a href=\"https:\/\/www.ucl.ac.uk\/archaeology\/\">University College London\/Institute of Archaeology <\/a><br><a href=\"https:\/\/le.ac.uk\/library\">University of Leicester Library <\/a><\/p>\n\n\n\n<p class=\"has-small-font-size\"><strong>CZASOPISMA ARCHEOLOGICZNE ON-LINE<\/strong><br><a href=\"https:\/\/www.ur.edu.pl\/kolegia\/kolegium-nauk-humanistycznych\/jednostki-naukowe\/instytut-archeologii\/dzialalnosc-naukowa\/czasopisma-naukowe\/materialy-i-sprawozdania-rzeszowskiego-osrodka-arc\/numery-czasopisma\">Materia\u0142y i Sprawozdania Rzeszowskiego O\u015brodka Archeologicznego <\/a><br><a href=\"http:\/\/www.wiadomosci-archeologiczne.pl\/\">Wiadomo\u015bci Archeologiczne <\/a><br><a href=\"https:\/\/pressto.amu.edu.pl\/index.php\/fpp\">Folia Praehistorica Posnaniensia <\/a><br><a href=\"https:\/\/pressto.amu.edu.pl\/index.php\/sla\">Slavia Antiqua <\/a><br><a href=\"https:\/\/journals.iaepan.pl\/apolona\">Archaeologia Polona <\/a><br><a href=\"https:\/\/journals.iaepan.pl\/arch\">Archeologia <\/a><br><a href=\"https:\/\/journals.iaepan.pl\/apol\">Archeologia Polski <\/a><br><a href=\"https:\/\/journals.iaepan.pl\/fah\">Fasciculi Archaeologiae Historicae <\/a><br>S<a href=\"https:\/\/journals.iaepan.pl\/sa\">prawozdania Archeologiczne <\/a><br><a href=\"https:\/\/journals.iaepan.pl\/pa\">Przegl\u0105d Archeologiczny <\/a><br><a href=\"https:\/\/www.wuw.pl\/pol_m_Czasopisma_Swiatowit-433.html\">\u015awiatowit <\/a><br><a href=\"https:\/\/www.ejournals.eu\/AAC\/\">Acta Archaeologica Carpathica <\/a><\/p>\n\n\n\n<p class=\"has-small-font-size\"><br><\/p>\n","protected":false},"excerpt":{"rendered":"<p>ARCHEOLOGIA NA POLSKICH UCZELNIACHPOZNA\u0143 Wydzia\u0142 Archeologii UAMBYDGOSZCZ Katedra Archeologii i Historii Staro\u017cytnejGDA\u0143SK Instytut Archeologii i Etnologii UGKRAK\u00d3W Instytut Archeologii UJLUBLIN Instytut Archeologii UMCS\u0141\u00d3D\u0179 Instytut Archeologii&hellip;<\/p>\n","protected":false},"author":1,"featured_media":0,"parent":0,"menu_order":0,"comment_status":"closed","ping_status":"closed","template":"","meta":{"footnotes":""},"class_list":["post-327","page","type-page","status-publish","hentry"],"_links":{"self":[{"href":"https:\/\/bch.amu.edu.pl\/index.php?rest_route=\/wp\/v2\/pages\/327","targetHints":{"allow":["GET"]}}],"collection":[{"href":"https:\/\/bch.amu.edu.pl\/index.php?rest_route=\/wp\/v2\/pages"}],"about":[{"href":"https:\/\/bch.amu.edu.pl\/index.php?rest_route=\/wp\/v2\/types\/page"}],"author":[{"embeddable":true,"href":"https:\/\/bch.amu.edu.pl\/index.php?rest_route=\/wp\/v2\/users\/1"}],"replies":[{"embeddable":true,"href":"https:\/\/bch.amu.edu.pl\/index.php?rest_route=%2Fwp%2Fv2%2Fcomments&post=327"}],"version-history":[{"count":44,"href":"https:\/\/bch.amu.edu.pl\/index.php?rest_route=\/wp\/v2\/pages\/327\/revisions"}],"predecessor-version":[{"id":887,"href":"https:\/\/bch.amu.edu.pl\/index.php?rest_route=\/wp\/v2\/pages\/327\/revisions\/887"}],"wp:attachment":[{"href":"https:\/\/bch.amu.edu.pl\/index.php?rest_route=%2Fwp%2Fv2%2Fmedia&parent=327"}],"curies":[{"name":"wp","href":"https:\/\/api.w.org\/{rel}","templated":true}]}}