{"id":354,"date":"2021-09-06T08:47:05","date_gmt":"2021-09-06T06:47:05","guid":{"rendered":"http:\/\/bwh2015.home.amu.edu.pl\/?page_id=354"},"modified":"2025-10-01T09:03:34","modified_gmt":"2025-10-01T07:03:34","slug":"zasady-udostepniania","status":"publish","type":"page","link":"https:\/\/bch.amu.edu.pl\/?page_id=354","title":{"rendered":"Zasady udost\u0119pniania"},"content":{"rendered":"\n<p><strong>Zasady udost\u0119pniania zbior\u00f3w Biblioteki Collegium Historicum<\/strong><\/p>\n\n\n\n<p><strong>I. Zasady og\u00f3lne<\/strong><\/p>\n\n\n\n<ol class=\"wp-block-list\">\n<li>Biblioteka Collegium Historicum jest bibliotek\u0105 naukow\u0105, kt\u00f3rej og\u00f3lne zasady okre\u015bla <a href=\"https:\/\/lib.amu.edu.pl\/regulamin-i-oplaty\/\" target=\"_blank\" rel=\"noreferrer noopener\">\u201eRegulamin korzystania z systemu biblioteczno-informacyjnego UAM\u201d<\/a> (Zarz\u0105dzenie nr 117\/2024\/2025 Rektora UAM z dnia 14 lipca 2025 roku.)<\/li>\n\n\n\n<li>Biblioteka Collegium Historicum gromadzi zbiory niezb\u0119dne do realizacji zada\u0144 dydaktycznych i naukowo \u2013 badawczych.<\/li>\n\n\n\n<li>Ze zbior\u00f3w i urz\u0105dze\u0144 Biblioteki Collegium Historicum korzysta\u0107 mo\u017cna w godzinach jej otwarcia, okre\u015blonych w informacji podanej na stronie internetowej oraz na tablicach og\u0142oszeniowych.<\/li>\n<\/ol>\n\n\n\n<p><strong>II. Zapis i aktualizacja konta bibliotecznego<\/strong><\/p>\n\n\n\n<ol class=\"wp-block-list\">\n<li>Ze zbior\u00f3w Biblioteki Collegium Historicum korzysta si\u0119 na podstawie aktualnej karty bibliotecznej \u2013 w postaci mobilnej legitymacji (mLegitymacji), Elektronicznej Legitymacji Studenckiej (ELS), Elektronicznej Legitymacji Doktoranta (ELD) lub Karty Czytelnika \u2013 b\u0105d\u017a Karty Go\u015bcia.<\/li>\n\n\n\n<li>Zapisu i aktualizacji konta mo\u017cna dokonywa\u0107 w Wypo\u017cyczalni Biblioteki Collegium Historicum zgodnie z zapisem w <a href=\"https:\/\/lib.amu.edu.pl\/regulamin-i-oplaty\/\" target=\"_blank\" rel=\"noreferrer noopener\">regulaminie<\/a>.<\/li>\n\n\n\n<li>Ka\u017cda karta biblioteczna wa\u017cna jest przez rok akademicki, a jej aktywno\u015b\u0107 wygasa 31 pa\u017adziernika. Karta Go\u015bcia wa\u017cna jest 48 godzin i mo\u017ce by\u0107 wystawiona nie cz\u0119\u015bciej ni\u017c raz na 6 miesi\u0119cy.<\/li>\n\n\n\n<li>Koszt zapisu i aktualizacji konta bibliotecznego znajduje si\u0119 w <a href=\"https:\/\/lib.amu.edu.pl\/regulamin-i-oplaty\/\" target=\"_blank\" rel=\"noreferrer noopener\">\u201eWykazie op\u0142at systemu biblioteczno-informacyjnego Uniwersytetu im. Adama Mickiewicza w Poznaniu\u201d<\/a>, stanowi\u0105cym za\u0142\u0105cznik do regulaminu.<\/li>\n<\/ol>\n\n\n\n<p><strong>III. Udost\u0119pnianie w czytelni<\/strong><\/p>\n\n\n\n<ol class=\"wp-block-list\">\n<li>Do korzystania z czytel\u0144 uprawnieni s\u0105 wszyscy u\u017cytkownicy na podstawie aktualnej karty bibliotecznej lub Karty Go\u015bcia.<\/li>\n\n\n\n<li>W czytelni udost\u0119pnia si\u0119 materia\u0142y biblioteczne:<br>a) bezpo\u015brednio z ksi\u0119gozbior\u00f3w podr\u0119cznych;<br>b) z magazynu po uprzednim zam\u00f3wieniu;<\/li>\n\n\n\n<li>Ze wszystkich rodzaj\u00f3w zbior\u00f3w specjalnych do 1850 roku, ksi\u0105\u017cek wydanych od 1851 do 1918 roku korzysta\u0107 mo\u017cna wy\u0142\u0105cznie na miejscu, przy zachowaniu warunk\u00f3w zapewniaj\u0105cych szczeg\u00f3ln\u0105 ochron\u0119 i bezpiecze\u0144stwo udost\u0119pnianych zbior\u00f3w. Jednorazowo mo\u017cna zam\u00f3wi\u0107 do czytelni 10 wolumin\u00f3w, a korzysta\u0107 z 5 wolumin\u00f3w zbior\u00f3w. Po ich zwrocie zostanie udost\u0119pnionych pi\u0119\u0107 kolejnych wolumin\u00f3w. \u0141\u0105czna liczba wolumin\u00f3w zbior\u00f3w na biurku czytelnika nie mo\u017ce przekracza\u0107 5.<\/li>\n\n\n\n<li>Czasopisma udost\u0119pniane s\u0105 w czytelni na miejscu. Jednorazowo mo\u017cna zam\u00f3wi\u0107 do czytelni 10 wolumin\u00f3w, a korzysta\u0107 z 5 wolumin\u00f3w zbior\u00f3w. Po ich zwrocie zostanie udost\u0119pnionych 5 kolejnych wolumin\u00f3w. \u0141\u0105czna liczba wolumin\u00f3w zbior\u00f3w na biurku czytelnika nie mo\u017ce przekracza\u0107 5.<\/li>\n\n\n\n<li>Zrealizowane materia\u0142y biblioteczne oczekuj\u0105 na czytelnika 6 dni.<\/li>\n\n\n\n<li>Materia\u0142y zamawiane zdalnie do czytel\u0144 wprowadzane s\u0105 na konto czytelnika. Po skorzystaniu z materia\u0142\u00f3w przez czytelnika bibliotekarz przekazuje je do magazynu.<\/li>\n\n\n\n<li>Z dzie\u0142 zam\u00f3wionych do czytelni korzysta si\u0119 na jej terenie.<\/li>\n\n\n\n<li>Do kopiowania\/powielania nie udost\u0119pnia si\u0119:<br>a) wszystkich druk\u00f3w b\u0119d\u0105cych w z\u0142ym stanie zachowania;<br>b) druk\u00f3w zwartych i czasopism wydanych do 1945 roku (z wyj\u0105tkiem druk\u00f3w b\u0119d\u0105cych w dobrym stanie zachowania \u2013 do cel\u00f3w badawczych i za zgod\u0105 kierownika biblioteki);<br>c) rozpraw doktorskich, prac magisterskich<\/li>\n\n\n\n<li>Osoby powy\u017cej 16 roku \u017cycia mog\u0105 korzysta\u0107 ze zbior\u00f3w w czytelniach po uprzednim za\u0142o\u017ceniu karty bibliotecznej w obecno\u015bci opiekuna prawnego, kt\u00f3ry wyrazi pisemn\u0105 zgod\u0119 na samodzielne korzystanie dziecka z Biblioteki.<\/li>\n<\/ol>\n\n\n\n<p><strong>IV. Wypo\u017cyczenia na zewn\u0105trz<\/strong><\/p>\n\n\n\n<ol class=\"wp-block-list\">\n<li>Do wypo\u017cyczenia na zewn\u0105trz Biblioteka Collegium Historicum udost\u0119pnia zbiory w trybie zwyk\u0142ym, kaucyjnym, rekomendacyjnym.<\/li>\n\n\n\n<li>Prawo wypo\u017cyczenia na zewn\u0105trz, na podstawie rodzaj\u00f3w zbior\u00f3w oraz trybu wypo\u017cyczania w Bibliotece Collegium Historicum, maj\u0105 nast\u0119puj\u0105ce grupy czytelnik\u00f3w:<br>a) pracownicy naukowi UAM (w tym emerytowani), doktoranci UAM; bibliotekarze UAM (w tym emerytowani), pracownicy nieb\u0119d\u0105cy nauczycielami akademickimi UAM (w tym emerytowani):<br>\u2022 ksi\u0105\u017cki wydane od 1946 roku, tryb wypo\u017cyczenia: zwyk\u0142y \u2013 150 wolumin\u00f3w\/365 dni;<br>b) studenci UAM:<br>\u2022 ksi\u0105\u017cki wydane od 1946 roku, tryb wypo\u017cyczenia: zwyk\u0142y \u2013 60 wolumin\u00f3w\/90 dni;<br>\u2022 ksi\u0105\u017cki wypo\u017cyczane na specjalnych zasadach 30 dni bez mo\u017cliwo\u015bci prolongaty<br>c) pracownicy nieetatowi UAM oraz realizuj\u0105cy granty w UAM, doktoranci eksternistyczni:<br>\u2022 ksi\u0105\u017cki wydane od 1946 roku, tryb wypo\u017cyczenia: rekomendacyjny \u2013 5 wolumin\u00f3w\/30 dni;<br>d) osoby spoza UAM:<br>\u2022 ksi\u0105\u017cki wydane od 1946 roku, tryb wypo\u017cyczenia: kaucyjny \u2013 5 wolumin\u00f3w\/30 dni.<\/li>\n\n\n\n<li>Czytelnicy dokonuj\u0105 prolongaty terminu zwrotu przez katalog online lub w bibliotece za okazaniem wypo\u017cyczonego dzie\u0142a na nast\u0119puj\u0105cych zasadach:<br>a) pozycje wypo\u017cyczone w trybie zwyk\u0142ym:<br>\u2022 pracownikom UAM (w tym emerytowanym), doktorantom UAM; bibliotekarzom UAM (w tym emerytowanym), pracownikom nieb\u0119d\u0105cym nauczycielami akademickimi UAM (w tym emerytowanym) \u2013 prolongata o 360 dni od daty jej dokonania przez czytelnika;<br>\u2022 studentom UAM \u2013 prolongata o 60 dni od daty jej dokonania przez czytelnika.<br>b) pozycje wypo\u017cyczone w trybie kaucyjnym, rekomendacyjnym \u2013 bez mo\u017cliwo\u015bci prolongaty,<br>c) pozycje wypo\u017cyczane na specjalnych zasadach \u2013 bez mo\u017cliwo\u015bci prolongaty.<\/li>\n\n\n\n<li>Prolongata wypo\u017cyczenia mo\u017cliwa jest w okresie 7 dni przed dat\u0105 zwrotu.<\/li>\n\n\n\n<li>Warunkiem dokonania prolongaty egzemplarza jest:<br>a) brak blokad finansowych na koncie czytelnika;<br>b) brak wcze\u015bniejszej rezerwacji egzemplarza przez innego u\u017cytkownika.<\/li>\n\n\n\n<li>Ksi\u0105\u017cki opracowane w systemie bibliotecznym, a mo\u017cliwe do wypo\u017cyczania na zewn\u0105trz, zamawia si\u0119 poprzez <a href=\"https:\/\/katalog.amu.edu.pl\/discovery\/search?vid=48OMNIS_AMU:AMU\" target=\"_blank\" rel=\"noreferrer noopener\">katalog online<\/a> lub wypo\u017cycza w systemie wolnego dost\u0119pu.<\/li>\n\n\n\n<li>Czytelnik zobowi\u0105zany jest sprawdzi\u0107 stan swojego konta w <a href=\"https:\/\/katalog.amu.edu.pl\/discovery\/search?vid=48OMNIS_AMU:AMU\" target=\"_blank\" rel=\"noreferrer noopener\">katalogu online<\/a>.<\/li>\n\n\n\n<li>Odbioru zam\u00f3wionych materia\u0142\u00f3w bibliotecznych mo\u017cna dokonywa\u0107 osobi\u015bcie lub przez osob\u0119 upowa\u017cnion\u0105, kt\u00f3ra powinna okaza\u0107 kart\u0119 biblioteczn\u0105 osoby zamawiaj\u0105cej.<\/li>\n\n\n\n<li>Wypo\u017cyczenie kaucyjne dotyczy os\u00f3b spoza UAM. Decyzj\u0119 o wypo\u017cyczeniu kaucyjnym ostatecznie podejmuje bibliotekarz.<\/li>\n\n\n\n<li>Minimalna kwota kaucji za jeden egzemplarz wynosi 50 z\u0142. Wysoko\u015b\u0107 kaucji za ka\u017cdym razem okre\u015bla bibliotekarz, bior\u0105c pod uwag\u0119 warto\u015b\u0107 ksi\u0105\u017cki oraz liczb\u0119 egzemplarzy dost\u0119pnych w zbiorach biblioteki; mo\u017ce ona wynosi\u0107 wielokrotno\u015b\u0107 kaucji minimalnej.<\/li>\n\n\n\n<li>Po dokonaniu terminowego zwrotu wypo\u017cyczonych materia\u0142\u00f3w bibliotecznych oraz na pisemny wniosek czytelnika, z\u0142o\u017cony przez niego osobi\u015bcie w wypo\u017cyczalni, kaucja zostanie wyp\u0142acona na podany przez niego numer rachunku bankowego w ci\u0105gu 14 dni roboczych.<\/li>\n\n\n\n<li>Dokonanie zwrotu wypo\u017cyczonych materia\u0142\u00f3w bibliotecznych w terminie nie d\u0142u\u017cszym ni\u017c 21 dni od regulaminowej daty zwrotu oraz uiszczenie op\u0142aty za ich nieterminowy zwrot umo\u017cliwi wyp\u0142acenie kaucji czytelnikowi. Przekroczenie tego terminu spowoduje przepadek kaucji na rzecz Biblioteki.<\/li>\n\n\n\n<li>Czytelnik nie nabywa prawa w\u0142asno\u015bci zniszczonego lub zagubionego egzemplarza.<\/li>\n<\/ol>\n\n\n\n<p><strong>V. Zwroty materia\u0142\u00f3w bibliotecznych<\/strong><\/p>\n\n\n\n<ol class=\"wp-block-list\">\n<li>Wszyscy czytelnicy s\u0105 zobowi\u0105zani do terminowego zwrotu materia\u0142\u00f3w bibliotecznych. Za przekroczenie terminu zwrotu ka\u017cdego woluminu w trybie zwyk\u0142ym, kaucyjnym i rekomendacyjnym Biblioteka Collegium Historicum pobiera op\u0142at\u0119 naliczan\u0105 za ka\u017cdy dzie\u0144 op\u00f3\u017anienia wg aktualnego <a href=\"https:\/\/lib.amu.edu.pl\/oplaty-biblioteki-uniwersyteckiej\/\" target=\"_blank\" rel=\"noreferrer noopener\">wykazu op\u0142at<\/a>.<\/li>\n\n\n\n<li>Zwrotu materia\u0142\u00f3w bibliotecznych oraz regulowania op\u0142at za nieterminowy zwrot materia\u0142\u00f3w bibliotecznych mo\u017cna dokonywa\u0107 osobi\u015bcie lub przez osob\u0119 upowa\u017cnion\u0105, kt\u00f3ra powinna okaza\u0107 kart\u0119 biblioteczn\u0105 osoby wypo\u017cyczaj\u0105cej.<\/li>\n\n\n\n<li>Czytelnikom wysy\u0142ane s\u0105 przypomnienia e-mailowe, informuj\u0105ce o zbli\u017caj\u0105cym si\u0119 terminie zwrotu wypo\u017cyczonych materia\u0142\u00f3w bibliotecznych.<\/li>\n<\/ol>\n\n\n\n<p><strong>VI. Us\u0142uga zam\u00f3wie\u0144 elektronicznych<\/strong><\/p>\n\n\n\n<ol class=\"wp-block-list\">\n<li>Us\u0142uga zdalnych zam\u00f3wie\u0144 dost\u0119pna jest dla czytelnik\u00f3w posiadaj\u0105cych aktywne konto biblioteczne oraz uprawnienia do wypo\u017cyczania.<\/li>\n\n\n\n<li>O mo\u017cliwo\u015bci zam\u00f3wienia ksi\u0105\u017cki z magazynu \u015bwiadczy aktywny przycisk \u201ezam\u00f3w\u201d przy pozycji w katalogu online.<\/li>\n\n\n\n<li>O zrealizowaniu zam\u00f3wienia czytelnika informuje wpis w koncie czytelnika katalogu online i\/lub e-mail.<\/li>\n\n\n\n<li>Zam\u00f3wiona ksi\u0105\u017cka oczekuje na odbi\u00f3r 6 dni. Po tym czasie zam\u00f3wienie jest automatycznie anulowane, a ksi\u0105\u017cka zwracana do magazynu.<\/li>\n<\/ol>\n\n\n\n<p><strong>VII. Us\u0142uga rezerwacji elektronicznych<\/strong><\/p>\n\n\n\n<ol class=\"wp-block-list\">\n<li>Egzemplarze aktualnie wypo\u017cyczone mo\u017cna rezerwowa\u0107 elektronicznie.<\/li>\n\n\n\n<li>Zwr\u00f3cona wskutek rezerwacji ksi\u0105\u017cka oczekuje na odbi\u00f3r 6 dni. Po tym czasie rezerwacja jest automatycznie anulowana.<\/li>\n\n\n\n<li>Czytelnik nie mo\u017ce rezerwowa\u0107 egzemplarzy, kt\u00f3re aktualnie wypo\u017cycza.<\/li>\n<\/ol>\n\n\n\n<p><strong>VIII. Karty obiegowe<\/strong><\/p>\n\n\n\n<ol class=\"wp-block-list\">\n<li>Elektroniczne karty obiegowe dla student\u00f3w i doktorant\u00f3w UAM rozliczane s\u0105 przez bibliotek\u0119 wy\u0142\u0105cznie dla student\u00f3w i doktorant\u00f3w Wydzia\u0142u Archeologii, Wydzia\u0142u Historii, Wydzia\u0142u Nauk o Sztuce, Wydzia\u0142u Antropologii i Kulturoznawstwa UAM w USOSweb.<\/li>\n<\/ol>\n\n\n\n<p><strong>IX. Wypo\u017cyczenia mi\u0119dzybiblioteczne<\/strong><\/p>\n\n\n\n<ol class=\"wp-block-list\">\n<li>Wypo\u017cyczenia mi\u0119dzybiblioteczne realizuje Biblioteka Uniwersytecka w Poznaniu.<\/li>\n<\/ol>\n\n\n\n<p><strong>X. Korzystanie z sieci komputerowej<\/strong><\/p>\n\n\n\n<ol class=\"wp-block-list\">\n<li>Sie\u0107 komputerowa w Bibliotece Collegium Historicum jest przeznaczona wy\u0142\u0105cznie do cel\u00f3w naukowych. Wszyscy jej u\u017cytkownicy zobowi\u0105zani s\u0105 do przestrzegania przepis\u00f3w prawa, przyj\u0119tych zasad spo\u0142ecznych, dobrych obyczaj\u00f3w i norm etycznych.<\/li>\n\n\n\n<li>U\u017cytkownicy Biblioteki Collegium Historicum maj\u0105 prawo do:<br>a) korzystania z komputer\u00f3w stacjonarnych i skaner\u00f3w;<br>b) pracy na w\u0142asnych komputerach przeno\u015bnych przy wykorzystaniu sieci bezprzewodowej EDUROAM;<br>c) uzyskania dost\u0119pu do zasob\u00f3w elektronicznych BUP i BJO zgodnie z \u201eRegulaminem korzystania z systemu biblioteczno-informacyjnego Uniwersytetu im. Adama Mickiewicza w Poznaniu\u201d;<br>d) nagrywania plik\u00f3w na w\u0142asne no\u015bniki danych;<br>e) dokonywania wydruk\u00f3w ze zbior\u00f3w Biblioteki lub Internetu (z wy\u0142\u0105czeniem zbior\u00f3w chronionych prawami autorskimi), uiszczaj\u0105c op\u0142at\u0119 wed\u0142ug obowi\u0105zuj\u0105cego \u201eWykazu op\u0142at systemu biblioteczno-informacyjnego UAM\u201d.<\/li>\n\n\n\n<li>Niedozwolone jest korzystanie z sieci komputerowej w celu:<br>a) naruszania dobrego imienia UAM;<br>b) prowadzenia agitacji politycznej, religijnej itp.;<br>c) pobierania i rozpowszechniania materia\u0142\u00f3w o tre\u015bciach pornograficznych, rasistowskich, przest\u0119pczych, hakerskich itp.;<br>d) prowadzenia dzia\u0142alno\u015bci komercyjnej;<br>e) uzyskania nieautoryzowanego dost\u0119pu do zasob\u00f3w chronionych;<br>f) udost\u0119pniania, kopiowania i rozpowszechniania materia\u0142\u00f3w obj\u0119tych prawem autorskim;<br>g) naruszania zabezpiecze\u0144 sieciowych, \u0142amania hase\u0142, pods\u0142uchiwania lub przechwytywania przesy\u0142anych informacji, rozpowszechniania wirus\u00f3w komputerowych.<\/li>\n\n\n\n<li>Zabrania si\u0119 r\u00f3wnie\u017c:<br>a) pod\u0142\u0105czania prywatnych komputer\u00f3w do sieci przewodowej;<br>b) prowadzenia dzia\u0142a\u0144 powoduj\u0105cych uszkodzenie element\u00f3w sprz\u0119towych, oprogramowania b\u0105d\u017a dezorganizacj\u0119 pracy sieci;<br>c) rozsy\u0142ania spamu;<br>d) instalowania program\u00f3w na komputerach stacjonarnych.<\/li>\n\n\n\n<li>Wszelkie zak\u0142\u00f3cenia w dzia\u0142aniu komputera nale\u017cy bezzw\u0142ocznie zg\u0142osi\u0107 bibliotekarzowi.<\/li>\n\n\n\n<li>W przypadku, gdy naruszenie niniejszych zasad spowodowa\u0142o straty materialne, ca\u0142kowit\u0105 odpowiedzialno\u015b\u0107 ponosi u\u017cytkownik, zgodnie z w\u0142a\u015bciwymi przepisami Kodeksu cywilnego.<\/li>\n<\/ol>\n\n\n\n<p><strong>XI. Postanowienia ko\u0144cowe<\/strong><\/p>\n\n\n\n<ol class=\"wp-block-list\">\n<li>Wobec u\u017cytkownik\u00f3w naruszaj\u0105cych Regulamin oraz zasady korzystania z Biblioteki Collegium Historicum mo\u017cna zastosowa\u0107 sankcj\u0119 w postaci czasowego lub ca\u0142kowitego pozbawienia prawa do korzystania z jej zasob\u00f3w i us\u0142ug.<\/li>\n\n\n\n<li>W przypadku nieprzestrzegania przez czytelnika zasad Biblioteka Collegium Historicum mo\u017ce dwukrotnie wystosowa\u0107 wobec niego upomnienie pisemne.<\/li>\n\n\n\n<li>Upomnienie, w dw\u00f3ch egzemplarzach, podpisane przez bibliotekarza oraz czytelnika, w obecno\u015bci drugiego pracownika otrzymuje czytelnik i do wiadomo\u015bci kierownik biblioteki.<\/li>\n\n\n\n<li>Drugie upomnienie pisemne skutkuje czasowym lub ca\u0142kowitym pozbawieniem prawa do korzystania z Biblioteki Collegium Historicum oraz innych bibliotek UAM.<\/li>\n\n\n\n<li>Czytelnicy zobowi\u0105zani s\u0105 do przestrzegania okre\u015blonych norm zachowa\u0144 obwi\u0105zuj\u0105cych na terenie Biblioteki Collegium Historicum<\/li>\n\n\n\n<li>W sprawach nieuregulowanych niniejszymi zasadami znajduj\u0105 zastosowanie odpowiednie przepisy \u201eRegulaminu korzystania z systemu biblioteczno-informacyjnego Uniwersytetu im. Adama Mickiewicza w Poznaniu\u201d.<\/li>\n<\/ol>\n\n\n\n<p>Zatwierdzane przez Dziekana \/ kierownika Jednostki<\/p>\n","protected":false},"excerpt":{"rendered":"<p>Zasady udost\u0119pniania zbior\u00f3w Biblioteki Collegium Historicum I. Zasady og\u00f3lne II. Zapis i aktualizacja konta bibliotecznego III. Udost\u0119pnianie w czytelni IV. Wypo\u017cyczenia na zewn\u0105trz V. Zwroty&hellip;<\/p>\n","protected":false},"author":1,"featured_media":0,"parent":0,"menu_order":0,"comment_status":"closed","ping_status":"closed","template":"","meta":{"footnotes":""},"class_list":["post-354","page","type-page","status-publish","hentry"],"_links":{"self":[{"href":"https:\/\/bch.amu.edu.pl\/index.php?rest_route=\/wp\/v2\/pages\/354","targetHints":{"allow":["GET"]}}],"collection":[{"href":"https:\/\/bch.amu.edu.pl\/index.php?rest_route=\/wp\/v2\/pages"}],"about":[{"href":"https:\/\/bch.amu.edu.pl\/index.php?rest_route=\/wp\/v2\/types\/page"}],"author":[{"embeddable":true,"href":"https:\/\/bch.amu.edu.pl\/index.php?rest_route=\/wp\/v2\/users\/1"}],"replies":[{"embeddable":true,"href":"https:\/\/bch.amu.edu.pl\/index.php?rest_route=%2Fwp%2Fv2%2Fcomments&post=354"}],"version-history":[{"count":23,"href":"https:\/\/bch.amu.edu.pl\/index.php?rest_route=\/wp\/v2\/pages\/354\/revisions"}],"predecessor-version":[{"id":2921,"href":"https:\/\/bch.amu.edu.pl\/index.php?rest_route=\/wp\/v2\/pages\/354\/revisions\/2921"}],"wp:attachment":[{"href":"https:\/\/bch.amu.edu.pl\/index.php?rest_route=%2Fwp%2Fv2%2Fmedia&parent=354"}],"curies":[{"name":"wp","href":"https:\/\/api.w.org\/{rel}","templated":true}]}}