{"id":37,"date":"2021-08-11T16:23:18","date_gmt":"2021-08-11T14:23:18","guid":{"rendered":"http:\/\/bwh2015.home.amu.edu.pl\/?page_id=37"},"modified":"2023-03-07T07:48:22","modified_gmt":"2023-03-07T06:48:22","slug":"historia","status":"publish","type":"page","link":"https:\/\/bch.amu.edu.pl\/?page_id=37","title":{"rendered":"Historia"},"content":{"rendered":"\n<p class=\"has-small-font-size\">Historia Biblioteki Instytutu Historii, obecnie Sekcji Historii, rozpocz\u0119\u0142a si\u0119 w okresie mi\u0119dzywojennym, gdy z ksi\u0119gozbior\u00f3w poszczeg\u00f3lnych katedr utworzono Bibliotek\u0119 Seminarium Historycznego. Siedziba Seminarium znajdowa\u0142a si\u0119 na parterze \u00f3wczesnego Collegium Maius Uniwersytetu Pozna\u0144skiego (by\u0142ego zamku cesarskiego). Biblioteka liczy\u0142a w\u00f3wczas kilka tysi\u0119cy wolumin\u00f3w. W czasie II wojny \u015bwiatowej zosta\u0142a ona cz\u0119\u015bciowo rozgrabiona przez Niemc\u00f3w i rozproszona. Odbudowa Biblioteki rozpocz\u0119\u0142a si\u0119 w 1945 roku, kiedy w budynku przy ul. Stolarskiej 7, swoj\u0105 dzia\u0142alno\u015b\u0107 wznowi\u0142o Seminarium Historyczne. Poszczeg\u00f3lne katedry tworzy\u0142y w\u0142asne ksi\u0119gozbiory dla kt\u00f3rych sporz\u0105dzony zosta\u0142 wsp\u00f3lny katalog. Od ko\u0144ca 1947 roku Katedry historii znalaz\u0142y swoj\u0105 siedzib\u0119 w gmachu przy ul. Matejki 48\/49. Przenosiny Instytutu w 1957 roku do nowych pomieszcze\u0144 w Collegium Iuridicum przy ul. Czerwonej Armii 90 da\u0142y mo\u017cliwo\u015b\u0107 zorganizowania biblioteki wsp\u00f3lnej dla wszystkich katedr. Kolejn\u0105 siedzib\u0119 Biblioteka zyska\u0142a w roku 1968. W\u00f3wczas Instytut Historii przeni\u00f3s\u0142 si\u0119 do Collegium Novum. Zbiory Biblioteki Instytutu Historii liczy\u0142y w\u00f3wczas ok. 45 tys. wolumin\u00f3w. W zwi\u0105zku z przeprowadzk\u0105 w 1990 Wydzia\u0142u Historycznego do gmachu by\u0142ego KW Biblioteka Instytutu Historii licz\u0105ca 102 500 wolumin\u00f3w wydawnictw zwartych i 31 500 czasopism uzyska\u0142a powierzchni\u0119 728, 8 m2. Wraz z przenosinami do nowej siedziby Biblioteka rozpocz\u0119\u0142a opracowanie komputerowe zbior\u00f3w. Po roku wprowadzono komputerowe udost\u0119pnianie w systemie SOWA. Od 2001 roku w Bibliotece wprowadzono nowy program komputerowy HORIZON, kt\u00f3ry by\u0142 wsp\u00f3lny dla wszystkich bibliotek systemu biblioteczno-informacyjnego UAM. W takich warunkach Biblioteka dzia\u0142a\u0142a do roku 2015, kiedy po przeprowadzce do nowego gmachu na Morasku zosta\u0142a po\u0142\u0105czona z pozosta\u0142ymi bibliotekami, dzia\u0142aj\u0105cymi na Wydziale Historycznym, i funkcjonuje jako Sekcja Historii w ramach Biblioteki Wydzia\u0142u Historycznego (od 2019 roku Biblioteka Collegium Historicum).<\/p>\n\n\n\n<p class=\"has-small-font-size\">Najcenniejsz\u0105 cz\u0119\u015b\u0107 zbior\u00f3w specjalnych Sekcji Historii stanowi kolekcja druk\u00f3w z XVII i XVIII wieku. Najstarszy z nich pochodzi z roku 1641. Jest to trzytomowy \u0142aci\u0144skoj\u0119zyczny herbarz Orbis Polonus Szymona Okolskiego. Inne cenne dzie\u0142a to: napisana gotykiem kronika niemiecka Historie des F\u00fcrstenthums Anhalt z 1710 roku, Philippi Cluveri introductionis in universam geographiam tam veterem quam novam libri VI, Amsterdam 1729.<\/p>\n\n\n\n<hr class=\"wp-block-separator\"\/>\n\n\n\n<p class=\"has-small-font-size\">Instytut Wschodni UAM powsta\u0142 w 1991 r. jako mi\u0119dzywydzia\u0142owa jednostka, kt\u00f3rej zadaniem by\u0142o wszechstronne badanie przemian zachodz\u0105cych na terenie by\u0142ego ZSRR. Ostateczna koncepcja instytutu zosta\u0142a wypracowana oko\u0142o 1995 r. Mia\u0142 on mie\u0107 charakter interdyscyplinarny, gromadz\u0105c uczonych ze wszystkich dziedzin humanistyki, prowadz\u0105cych badania spo\u0142ecze\u0144stw i kultur strefy postradzieckiej, postrzeganej w szerokiej perspektywie historycznej \u2013 od pradziej\u00f3w po wsp\u00f3\u0142czesno\u015b\u0107 i jednocze\u015bnie przygotowywa\u0107 wysoko wykwalifikowane kadry dla potrzeb tego regionu. W 1996 r. zainaugurowano studia magisterskie na oryginalnym kierunku Wschodoznawstwo, dla potrzeb naukowych i dydaktycznych zacz\u0119to gromadzi\u0107 ksi\u0119gozbi\u00f3r. Pierwsze ksi\u0105\u017cki pochodzi\u0142y z prywatnych dar\u00f3w dyrektora Instytutu prof. Grzegorza Kotlarskiego oraz cz\u0142onk\u00f3w Rady Instytutu. Pozyskano tak\u017ce liczne ksi\u0105\u017cki, zw\u0142aszcza s\u0142owniki i encyklopedie z dublet\u00f3w Biblioteki G\u0142\u00f3wnej i bibliotek zak\u0142adowych naszego Uniwersytetu. Od 1996 w\u0142adze Instytutu zabiega\u0142y tak\u017ce o dary z partnerskich uniwersytet\u00f3w i instytucji zagranicznych z kraju i terenu b. ZSRR. W miar\u0119 posiadanych \u015brodk\u00f3w dokonywano bie\u017c\u0105cych zakup\u00f3w ksi\u0105\u017cek zwi\u0105zanych tematycznie z profilem Instytutu. Pierwsze publikacje instytutu w serii Pozna\u0144skich studi\u00f3w wschodoznawczych oraz w\u0142asne czasopismo \u201eStudia Wschodnie\u201d, pozwoli\u0142y na uruchomienie regularnej wzbogacaj\u0105cej zbiory wymiany z bibliotekami. Dopiero w ko\u0144cu lat 90-ych XX w. uzyskano odpowiednie pomieszczenie i zorganizowana zosta\u0142a czytelnia. Do 2012 r. prowadzi\u0142a j\u0105 wraz z zobowi\u0105zanymi do dy\u017cur\u00f3w doktorantami mgr Danuta Urbaniak. Znacz\u0105cy rozw\u00f3j ksi\u0119gozbioru nast\u0105pi\u0142 od 2001 r., gdy Instytut Wschodni zosta\u0142 jednostk\u0105 Wydzia\u0142u Historycznego UAM, dzi\u0119ki czemu uzyska\u0142 regularne finansowanie. Pozwoli\u0142o to na zwielokrotnienie zakup\u00f3w ksi\u0105\u017cek. W nast\u0119pnych latach pozyskano najpierw rosyjskoj\u0119zyczn\u0105 cz\u0119\u015b\u0107 ksi\u0119gozbioru znakomitego znawcy historii Europy Wschodniej, Profesora Stanis\u0142awa Alexandrowicza (1931\u20132015), a nast\u0119pnie wybitnego toru\u0144skiego etnologa, lituanisty dr Witolda Armona (1924\u20132002).<\/p>\n\n\n\n<p class=\"has-small-font-size\">Ksi\u0119gozbi\u00f3r Instytutu Wschodniego ma z za\u0142o\u017cenia profil terytorialny, odnosz\u0105cy si\u0119 do kraj\u00f3w b. ZSRR i szeroko rozumiany humanistyczny. Dla potrzeb dydaktycznych zgromadzono w nim liczne podr\u0119czniki, s\u0142owniki i encyklopedie, jest te\u017c bogaty zbi\u00f3r ksi\u0105\u017cek z dziedziny, filozofii, historii i archeologii, nauk politycznych i spo\u0142ecznych, filologii, etnologii i antropologii, a tak\u017ce ekonomii.<\/p>\n\n\n\n<p class=\"has-small-font-size\">Do chwili w\u0142\u0105czenia go do Biblioteki Wydzia\u0142u Historycznego UAM, mia\u0142 on charakter zamkni\u0119ty, zbiory udost\u0119pniano wy\u0142\u0105czne w czytelni, mieszcz\u0105cej si\u0119 w siedzibie Instytutu Wschodniego w Collegium Hipolita Cegielskiego. Obecnie stanowi wyodr\u0119bniona kolekcj\u0119, kt\u00f3ra zosta\u0142a w\u0142\u0105czona do Sekcji Historii BCH.<\/p>\n\n\n\n<p class=\"has-small-font-size\"><\/p>\n","protected":false},"excerpt":{"rendered":"<p>Historia Biblioteki Instytutu Historii, obecnie Sekcji Historii, rozpocz\u0119\u0142a si\u0119 w okresie mi\u0119dzywojennym, gdy z ksi\u0119gozbior\u00f3w poszczeg\u00f3lnych katedr utworzono Bibliotek\u0119 Seminarium Historycznego. Siedziba Seminarium znajdowa\u0142a si\u0119&hellip;<\/p>\n","protected":false},"author":1,"featured_media":0,"parent":0,"menu_order":0,"comment_status":"closed","ping_status":"closed","template":"","meta":{"footnotes":""},"class_list":["post-37","page","type-page","status-publish","hentry"],"_links":{"self":[{"href":"https:\/\/bch.amu.edu.pl\/index.php?rest_route=\/wp\/v2\/pages\/37","targetHints":{"allow":["GET"]}}],"collection":[{"href":"https:\/\/bch.amu.edu.pl\/index.php?rest_route=\/wp\/v2\/pages"}],"about":[{"href":"https:\/\/bch.amu.edu.pl\/index.php?rest_route=\/wp\/v2\/types\/page"}],"author":[{"embeddable":true,"href":"https:\/\/bch.amu.edu.pl\/index.php?rest_route=\/wp\/v2\/users\/1"}],"replies":[{"embeddable":true,"href":"https:\/\/bch.amu.edu.pl\/index.php?rest_route=%2Fwp%2Fv2%2Fcomments&post=37"}],"version-history":[{"count":10,"href":"https:\/\/bch.amu.edu.pl\/index.php?rest_route=\/wp\/v2\/pages\/37\/revisions"}],"predecessor-version":[{"id":2005,"href":"https:\/\/bch.amu.edu.pl\/index.php?rest_route=\/wp\/v2\/pages\/37\/revisions\/2005"}],"wp:attachment":[{"href":"https:\/\/bch.amu.edu.pl\/index.php?rest_route=%2Fwp%2Fv2%2Fmedia&parent=37"}],"curies":[{"name":"wp","href":"https:\/\/api.w.org\/{rel}","templated":true}]}}